
{"id":995,"date":"2020-09-21T13:02:29","date_gmt":"2020-09-21T11:02:29","guid":{"rendered":"https:\/\/astrostrona.pl\/?page_id=995"},"modified":"2022-08-20T16:14:34","modified_gmt":"2022-08-20T14:14:34","slug":"mapa-ksiezyca","status":"publish","type":"page","link":"https:\/\/astrostrona.pl\/?page_id=995","title":{"rendered":"Mapa Ksi\u0119\u017cyca"},"content":{"rendered":"\n<ul><li>Wygodna Mapa Ksi\u0119\u017cyca po polsku, w postaci <strong>pojedynczego pliku graficznego<\/strong> lub pliku <strong>PDF do wydruku<\/strong>.<\/li><li>Obejmuje <strong>ponad 600 formacji terenowych<\/strong> i miejsc na widocznej z Ziemi tarczy Ksi\u0119\u017cyca.<\/li><li>Nie wymaga \u0142adowania interaktywnych interfejs\u00f3w, klikania, zarz\u0105dzania warstwami.<\/li><li>Dost\u0119pna w dw\u00f3ch wersjach:<\/li><\/ul>\n\n\n\n<figure class=\"wp-block-table\"><table class=\"ngc2244_stars_at_night_standardTable tablefixed\"><tbody><tr><td><div class=\"wp-block-file\" style=\"text-align:center;\"><p>ekran:<\/p><a href=\"https:\/\/astrostrona.pl\/wp-content\/uploads\/2022\/08\/MAPA-KSIEZYCA-PO-POLSKU-MOON-MAP-astrostrona.pl-v1.3.6.1.png\" class=\"wp-block-file__button\" download=\"\">Pobierz PNG<\/a><\/div><\/td><td><div class=\"wp-block-file\" style=\"text-align:center;\"><p>ekran lub wydruk:<\/p><a href=\"https:\/\/astrostrona.pl\/wp-content\/uploads\/2022\/08\/MAPA-KSIEZYCA-PO-POLSKU-MOON-MAP-astrostrona.pl-v1.3.6.1.pdf\" class=\"wp-block-file__button\" download=\"\">Pobierz PDF<\/a><\/div><\/td><\/tr><\/tbody><\/table><\/figure>\n\n\n\n<blockquote class=\"wp-block-quote wykrzyknikb is-layout-flow wp-block-quote-is-layout-flow\"><p>Zanim wydrukujesz Map\u0119 albo zamie\u015bcisz j\u0105 w sieci, pobierz najnowsz\u0105 wersj\u0119 z tej strony! <br><strong>Aktualna wersja: 1.3.6.1 <\/strong>(sierpie\u0144 2022 r.). <\/p><p><em>Also available in English version<\/em>: <a href=\"https:\/\/astrostrona.pl\/moon-map\/\">Moon Map with English names<\/a><\/p><\/blockquote>\n\n\n\n<h2 class=\"wp-block-heading\">1. Mapa do zastosowa\u0144 ekranowych (PNG)<\/h2>\n\n\n\n<figure class=\"wp-block-image size-large\"><a href=\"https:\/\/astrostrona.pl\/wp-content\/uploads\/2022\/08\/MAPA-KSIEZYCA-PO-POLSKU-MOON-MAP-astrostrona.pl-v1.3.6.1.png\"><img decoding=\"async\" src=\"https:\/\/astrostrona.pl\/wp-content\/uploads\/2022\/08\/MAPA-KSIEZYCA-PO-POLSKU-MOON-MAP-astrostrona.pl-v1.3.6.1-1024x1024.png\" alt=\"\" class=\"wp-image-4397\"\/><\/a><figcaption>Mapa Ksi\u0119\u017cyca. Wersja PNG. Rozmiar pliku 4 mb. Kliknij aby wy\u015bwietli\u0107 orygina\u0142 w pe\u0142nym rozmiarze w przegl\u0105darce www. Aby powi\u0119kszy\u0107 go skorzystaj kursora (lupka), a po osi\u0105gni\u0119ciu maksymalnego rozmiaru mo\u017cesz jeszcze zmienia\u0107 powi\u0119kszenie przegl\u0105darki www korzystaj\u0105c z klawiszy Ctrl+ i Ctrl-)<\/figcaption><\/figure>\n\n\n\n<h2 class=\"wp-block-heading\">2. Mapa do zastosowa\u0144 ekranowych i wydruku (PDF)<\/h2>\n\n\n\n<div class=\"wp-block-image\"><figure class=\"alignleft size-full is-resized\"><a href=\"https:\/\/astrostrona.pl\/wp-content\/uploads\/2022\/08\/MAPA-KSIEZYCA-PO-POLSKU-MOON-MAP-astrostrona.pl-v1.3.6.1.pdf\"><img loading=\"lazy\" decoding=\"async\" src=\"https:\/\/astrostrona.pl\/wp-content\/uploads\/2022\/08\/MAPA-KSIEZYCA-PO-POLSKU-MOON-MAP-astrostrona.pl-v1.3.6.1-pdf-724x1024.jpg\" alt=\"mapa-PDF miniatura\" class=\"wp-image-1194\" width=\"384\" height=\"545\"\/><\/a><figcaption>Mapa Ksi\u0119\u017cyca. Wersja PDF. Rozmiar pliku 20 mb<\/figcaption><\/figure><\/div>\n\n\n\n<p>Wersja PDF pozwala na uzyskanie dobrej jako\u015bci wydruku <strong>a\u017c do rozmiaru B0<\/strong> (1&#215;1,4 m). <strong>Elementy tekstowe<\/strong> zachowuj\u0105 w tym formacie wektorowy charakter, gwarantuj\u0105cy najwy\u017csz\u0105 precyzj\u0119, pozwalaj\u0105 si\u0119 tak\u017ce <strong>przeszukiwa\u0107<\/strong> za pomoc\u0105 wyszukiwarek wbudowanych w przegl\u0105darki PDF lub WWW (zazwyczaj Ctrl+F) .<\/p>\n\n\n\n<p>Od wersji 1.3.4 Mapa Ksi\u0119\u017cyca zawiera <strong>warstwy <\/strong>kt\u00f3re pozwalaj\u0105 <strong>wy\u0142\u0105czy\u0107 widok etykiet i siatki wsp\u00f3\u0142rz\u0119dnych<\/strong> z poziomu przegl\u0105darki PDF, uzyskuj\u0105c czysty, fotograficzny obraz tarczy Ksi\u0119\u017cyca o bardzo wysokiej precyzji.<\/p>\n\n\n\n<p>Mapa bitowa prezentuj\u0105ca powierzchni\u0119 tarczy Ksi\u0119\u017cyca osi\u0105ga przy wydruku w rozmiarze B0 rozdzielczo\u015b\u0107 150 dpi. Pozwala to na uzyskanie dobrej jako\u015bci detalu przy zastosowaniu wielkoformatowego druku ploterowego z rozdzielczo\u015bci\u0105 360, a nawet 720 dpi. Obiekty w pliku zapisane s\u0105 w przestrzeni barwnej RGB. <\/p>\n\n\n\n<p>Uzupe\u0142nieniem wersji PDF jest <strong>s\u0142owniczek <\/strong>\u0142aci\u0144sko-polski nazw w\u0142asnych, zestawienie podstawowych <strong>danych <\/strong>fizycznych i orbitalnych Ksi\u0119\u017cyca oraz zestawienie wybranych misji, kt\u00f3re osi\u0105gn\u0119\u0142y z sukcesem ksi\u0119\u017cycow\u0105 powierzchni\u0119.<\/p>\n\n\n\n<p>Mo\u017cesz tak\u017ce pobra\u0107 grafik\u0119 przygotowan\u0105 dla wersji PDF w postaci <a href=\"https:\/\/astrostrona.pl\/wp-content\/uploads\/2022\/08\/MAPA-KSIEZYCA-PO-POLSKU-MOON-MAP-astrostrona.pl-v1.3.6.1-pdf.jpg\">mapy bitowej o wysokiej rozdzielczo\u015bci<\/a> (5039&#215;7126 px, 5,9 mb)<\/p>\n\n\n\n<ul><li><a href=\"https:\/\/astrostrona.pl\/na-ziemi\/mapa-ksiezyca-aktualizacje\/mapa-ksiezyca-1-3-pdf-o-wysokiej-rozdzielczosci-do-druku\/\">Zobacz wi\u0119cej informacji i porad na temat wykonania i wyko\u0144czenia wydruku<\/a><\/li><\/ul>\n\n\n\n<h2 class=\"wp-block-heading\">3 Gotowe wydruki<\/h2>\n\n\n\n<p>Moj\u0105 map\u0119 mo\u017cesz kupi\u0107 w sklepie <strong>mundo.pl<\/strong>, kt\u00f3ry oferuje j\u0105 w postaci <strong>zmywalnych mat<\/strong> pozwalaj\u0105cych na nanoszenie notatek i oznacze\u0144 za pomoc\u0105 zmywalnego bia\u0142ego pisaka. Mapa dost\u0119pna jest w kilku formatach, a\u017c <strong>do 135&#215;192<\/strong> cm i wysy\u0142ana jest w bezpiecznej kartonowej tubie wliczonej w cen\u0119.<\/p>\n\n\n\n<ul><li>Zobacz ca\u0142\u0105 ofert\u0119: <a href=\"https:\/\/mundosklep.pl\/pl\/75-maty-kosmiczne\" target=\"_blank\" rel=\"noreferrer noopener\">https:\/\/mundosklep.pl\/pl\/75-maty-kosmiczne<\/a><\/li><\/ul>\n\n\n\n<h2 class=\"wp-block-heading\">Polskie nazwy<\/h2>\n\n\n\n<p>Mapa Ksi\u0119\u017cyca uwzgl\u0119dnia <strong>polskie nazwy formacji o charakterze m\u00f3rz<\/strong> (ocean, morza, jeziora, zatoki i bagna), oznaczone kolorem \u017c\u00f3\u0142tym. Na bia\u0142o-czerwono oznaczy\u0142em nazwy <strong>krater\u00f3w <\/strong>posiadaj\u0105cych polsk\u0105 wersj\u0119 j\u0119zykow\u0105, wynikaj\u0105c\u0105 z <strong>etymologii nazwiska <\/strong>patrona. Wyb\u00f3r zaw\u0119zi\u0142em do nazwisk wskazanych oficjalnie jako polskie w <em>Gazetteer of Planetary Nomenclature<\/em> IAU. Nie t\u0142umaczy\u0142em wszystkich nazw w\u0142asnych, takich jak nazwiska postaci staro\u017cytnych, maj\u0105ce polskie odpowiedniki, albo nazwy niekt\u00f3rych pasm g\u00f3rskich. Uzna\u0142em, \u017ce by\u0142by to wyb\u00f3r przypadkowy, wprowadzaj\u0105cy dodatkowy chaos.<\/p>\n\n\n\n<p>Mapa wykorzystuje obrazy zebrane przez sond\u0119 Lunar Reconnaissance Orbiter (NASA). Wszystkie nazwy wpisywa\u0142em r\u0119cznie, a liter\u00f3wki to moja specjalno\u015b\u0107, wi\u0119c zapewne i tutaj si\u0119 przed nimi nie ustrzeg\u0142em. Je\u015bli zauwa\u017cycie b\u0142\u0119dy, macie uwagi, propozycje  &#8211; <a href=\"https:\/\/astrostrona.pl\/kontakt\/\">piszcie<\/a>! <\/p>\n\n\n\n<hr class=\"wp-block-separator\"\/>\n\n\n\n<p><\/p>\n\n\n\n<p>Map\u0119 Ksi\u0119\u017cyca mo\u017cna pobra\u0107 i wykorzysta\u0107 <strong>na w\u0142asnej stronie<\/strong> pod podanymi ni\u017cej warunkami. Informacje na temat najnowszych aktualizacji i dokonywanych w ich ramach zmian znajduj\u0105 si\u0119 w dziale <a href=\"https:\/\/astrostrona.pl\/category\/na-ziemi\/mapa-ksiezyca-aktualizacje\/\">Mapa Ksi\u0119\u017cyca &#8211; aktualizacje<\/a>.<\/p>\n\n\n\n<h3 class=\"wp-block-heading\">Komercyjne wykorzystanie Mapy<\/h3>\n\n\n\n<p>Status prawny element\u00f3w u\u017cytych do stworzenia Mapy umo\u017cliwia udzielenie licencji na wykorzystanie komercyjne. Je\u017celi chcia\u0142by\u015b sprzedawa\u0107 sw\u00f3j produkt wykorzystuj\u0105cy Map\u0119, wydruki itp., prosz\u0119 o <a href=\"https:\/\/astrostrona.pl\/kontakt\/\">kontakt<\/a>. <\/p>\n\n\n\n<p>Polecam tak\u017ce:<\/p>\n\n\n\n<ul><li><a href=\"https:\/\/astrostrona.pl\/narzedzia-i-pomoce\/astronomiczny-slownik-lacinski\/formacje-ksiezycowe-slownik-polsko-lacinski\/\">Formacje ksi\u0119\u017cycowe \u2013 s\u0142ownik polsko-\u0142aci\u0144ski<\/a><\/li><li><a href=\"https:\/\/astrostrona.pl\/narzedzia-i-pomoce\/astronomiczny-slownik-lacinski\/formacje-ksiezycowe-slownik-lacinsko-polski\/\">Formacje ksi\u0119\u017cycowe \u2013 s\u0142ownik \u0142aci\u0144sko-polski<\/a><\/li><\/ul>\n\n\n\n<p class=\"has-small-font-size\"><strong>Kopiowanie i rozpowszechnianie Mapy<\/strong> dozwolone na zasadach licencji <a rel=\"noreferrer noopener\" href=\"https:\/\/creativecommons.org\/licenses\/by-nc-nd\/3.0\/pl\/\" target=\"_blank\">Creative Commons BY-NC-ND 3.0 PL<\/a> (w skr\u00f3cie: rozpowszechnianie mo\u017cliwe jest w celach niekomercyjnych pod warunkiem oznaczenia autora i niedokonywania \u017cadnych zmian w utworze; nie ma obowi\u0105zku umieszczania na Mapie lub w jej s\u0105siedztwie dodatkowych informacji o autorze itp. &#8211; wystarczy to co si\u0119 ju\u017c na samej Mapie znajduje, cho\u0107 b\u0119dzie mi mi\u0142o je\u015bli udost\u0119pniaj\u0105c Map\u0119 w swoim serwisie dodasz <a href=\"https:\/\/astrostrona.pl\/narzedzia-i-pomoce\/mapa-ksiezyca\/\">link<\/a> do tej strony).<br>Pliki udost\u0119pniane s\u0105 bez gwarancji bezb\u0142\u0119dno\u015bci, wykorzystanie odbywa si\u0119 na wy\u0142\u0105czn\u0105 odpowiedzialno\u015b\u0107 u\u017cytkownika.<\/p>\n<div class=\"pvc_clear\"><\/div><p id=\"pvc_stats_995\" class=\"pvc_stats total_only  \" data-element-id=\"995\" style=\"\"><i class=\"pvc-stats-icon small\" aria-hidden=\"true\"><svg xmlns=\"http:\/\/www.w3.org\/2000\/svg\" version=\"1.0\" viewBox=\"0 0 502 315\" preserveAspectRatio=\"xMidYMid meet\"><g transform=\"translate(0,332) scale(0.1,-0.1)\" fill=\"\" stroke=\"none\"><path d=\"M2394 3279 l-29 -30 -3 -207 c-2 -182 0 -211 15 -242 39 -76 157 -76 196 0 15 31 17 60 15 243 l-3 209 -33 29 c-26 23 -41 29 -80 29 -41 0 -53 -5 -78 -31z\"\/><path d=\"M3085 3251 c-45 -19 -58 -50 -96 -229 -47 -217 -49 -260 -13 -295 52 -53 146 -42 177 20 16 31 87 366 87 410 0 70 -86 122 -155 94z\"\/><path d=\"M1751 3234 c-13 -9 -29 -31 -37 -50 -12 -29 -10 -49 21 -204 19 -94 39 -189 45 -210 14 -50 54 -80 110 -80 34 0 48 6 76 34 21 21 34 44 34 59 0 14 -18 113 -40 219 -37 178 -43 195 -70 221 -36 32 -101 37 -139 11z\"\/><path d=\"M1163 3073 c-36 -7 -73 -59 -73 -102 0 -56 133 -378 171 -413 34 -32 83 -37 129 -13 70 36 67 87 -16 290 -86 209 -89 214 -129 231 -35 14 -42 15 -82 7z\"\/><path d=\"M3689 3066 c-15 -9 -33 -30 -42 -48 -48 -103 -147 -355 -147 -375 0 -98 131 -148 192 -74 13 15 57 108 97 206 80 196 84 226 37 273 -30 30 -99 39 -137 18z\"\/><path d=\"M583 2784 c-38 -19 -67 -74 -58 -113 9 -42 211 -354 242 -373 16 -10 45 -18 66 -18 51 0 107 52 107 100 0 39 -1 41 -124 234 -80 126 -108 162 -133 173 -41 17 -61 16 -100 -3z\"\/><path d=\"M4250 2784 c-14 -9 -74 -91 -133 -183 -95 -150 -107 -173 -107 -213 0 -55 33 -94 87 -104 67 -13 90 8 211 198 130 202 137 225 78 284 -27 27 -42 34 -72 34 -22 0 -50 -8 -64 -16z\"\/><path d=\"M2275 2693 c-553 -48 -1095 -270 -1585 -649 -135 -104 -459 -423 -483 -476 -23 -49 -22 -139 2 -186 73 -142 361 -457 571 -626 285 -228 642 -407 990 -497 242 -63 336 -73 660 -74 310 0 370 5 595 52 535 111 1045 392 1455 803 122 121 250 273 275 326 19 41 19 137 0 174 -41 79 -309 363 -465 492 -447 370 -946 591 -1479 653 -113 14 -422 18 -536 8z m395 -428 c171 -34 330 -124 456 -258 112 -119 167 -219 211 -378 27 -96 24 -300 -5 -401 -72 -255 -236 -447 -474 -557 -132 -62 -201 -76 -368 -76 -167 0 -236 14 -368 76 -213 98 -373 271 -451 485 -162 444 86 934 547 1084 153 49 292 57 452 25z m909 -232 c222 -123 408 -262 593 -441 76 -74 138 -139 138 -144 0 -16 -233 -242 -330 -319 -155 -123 -309 -223 -461 -299 l-81 -41 32 46 c18 26 49 83 70 128 143 306 141 649 -6 957 -25 52 -61 116 -79 142 l-34 47 45 -20 c26 -10 76 -36 113 -56z m-2057 25 c-40 -58 -105 -190 -130 -263 -110 -324 -59 -707 132 -981 25 -35 42 -64 37 -64 -19 0 -241 119 -326 174 -188 122 -406 314 -532 468 l-58 71 108 103 c185 178 428 349 672 473 66 33 121 60 123 61 2 0 -10 -19 -26 -42z\"\/><path d=\"M2375 1950 c-198 -44 -350 -190 -395 -379 -18 -76 -8 -221 19 -290 114 -284 457 -406 731 -260 98 52 188 154 231 260 27 69 37 214 19 290 -38 163 -166 304 -326 360 -67 23 -215 33 -279 19z\"\/><\/g><\/svg><\/i> <img loading=\"lazy\" decoding=\"async\" width=\"16\" height=\"16\" alt=\"Loading\" src=\"https:\/\/astrostrona.pl\/wp-content\/plugins\/page-views-count\/ajax-loader-2x.gif\" border=0 \/><\/p><div class=\"pvc_clear\"><\/div>","protected":false},"excerpt":{"rendered":"<p>Wygodna Mapa Ksi\u0119\u017cyca po polsku, w postaci pojedynczego pliku graficznego lub pliku PDF do wydruku. Obejmuje ponad 600 formacji terenowych i miejsc na widocznej z&hellip; <\/p>\n<div class=\"pvc_clear\"><\/div>\n<p id=\"pvc_stats_995\" class=\"pvc_stats total_only  \" data-element-id=\"995\" style=\"\"><i class=\"pvc-stats-icon small\" aria-hidden=\"true\"><svg xmlns=\"http:\/\/www.w3.org\/2000\/svg\" version=\"1.0\" viewBox=\"0 0 502 315\" preserveAspectRatio=\"xMidYMid meet\"><g transform=\"translate(0,332) scale(0.1,-0.1)\" fill=\"\" stroke=\"none\"><path d=\"M2394 3279 l-29 -30 -3 -207 c-2 -182 0 -211 15 -242 39 -76 157 -76 196 0 15 31 17 60 15 243 l-3 209 -33 29 c-26 23 -41 29 -80 29 -41 0 -53 -5 -78 -31z\"\/><path d=\"M3085 3251 c-45 -19 -58 -50 -96 -229 -47 -217 -49 -260 -13 -295 52 -53 146 -42 177 20 16 31 87 366 87 410 0 70 -86 122 -155 94z\"\/><path d=\"M1751 3234 c-13 -9 -29 -31 -37 -50 -12 -29 -10 -49 21 -204 19 -94 39 -189 45 -210 14 -50 54 -80 110 -80 34 0 48 6 76 34 21 21 34 44 34 59 0 14 -18 113 -40 219 -37 178 -43 195 -70 221 -36 32 -101 37 -139 11z\"\/><path d=\"M1163 3073 c-36 -7 -73 -59 -73 -102 0 -56 133 -378 171 -413 34 -32 83 -37 129 -13 70 36 67 87 -16 290 -86 209 -89 214 -129 231 -35 14 -42 15 -82 7z\"\/><path d=\"M3689 3066 c-15 -9 -33 -30 -42 -48 -48 -103 -147 -355 -147 -375 0 -98 131 -148 192 -74 13 15 57 108 97 206 80 196 84 226 37 273 -30 30 -99 39 -137 18z\"\/><path d=\"M583 2784 c-38 -19 -67 -74 -58 -113 9 -42 211 -354 242 -373 16 -10 45 -18 66 -18 51 0 107 52 107 100 0 39 -1 41 -124 234 -80 126 -108 162 -133 173 -41 17 -61 16 -100 -3z\"\/><path d=\"M4250 2784 c-14 -9 -74 -91 -133 -183 -95 -150 -107 -173 -107 -213 0 -55 33 -94 87 -104 67 -13 90 8 211 198 130 202 137 225 78 284 -27 27 -42 34 -72 34 -22 0 -50 -8 -64 -16z\"\/><path d=\"M2275 2693 c-553 -48 -1095 -270 -1585 -649 -135 -104 -459 -423 -483 -476 -23 -49 -22 -139 2 -186 73 -142 361 -457 571 -626 285 -228 642 -407 990 -497 242 -63 336 -73 660 -74 310 0 370 5 595 52 535 111 1045 392 1455 803 122 121 250 273 275 326 19 41 19 137 0 174 -41 79 -309 363 -465 492 -447 370 -946 591 -1479 653 -113 14 -422 18 -536 8z m395 -428 c171 -34 330 -124 456 -258 112 -119 167 -219 211 -378 27 -96 24 -300 -5 -401 -72 -255 -236 -447 -474 -557 -132 -62 -201 -76 -368 -76 -167 0 -236 14 -368 76 -213 98 -373 271 -451 485 -162 444 86 934 547 1084 153 49 292 57 452 25z m909 -232 c222 -123 408 -262 593 -441 76 -74 138 -139 138 -144 0 -16 -233 -242 -330 -319 -155 -123 -309 -223 -461 -299 l-81 -41 32 46 c18 26 49 83 70 128 143 306 141 649 -6 957 -25 52 -61 116 -79 142 l-34 47 45 -20 c26 -10 76 -36 113 -56z m-2057 25 c-40 -58 -105 -190 -130 -263 -110 -324 -59 -707 132 -981 25 -35 42 -64 37 -64 -19 0 -241 119 -326 174 -188 122 -406 314 -532 468 l-58 71 108 103 c185 178 428 349 672 473 66 33 121 60 123 61 2 0 -10 -19 -26 -42z\"\/><path d=\"M2375 1950 c-198 -44 -350 -190 -395 -379 -18 -76 -8 -221 19 -290 114 -284 457 -406 731 -260 98 52 188 154 231 260 27 69 37 214 19 290 -38 163 -166 304 -326 360 -67 23 -215 33 -279 19z\"\/><\/g><\/svg><\/i> <img loading=\"lazy\" decoding=\"async\" width=\"16\" height=\"16\" alt=\"Loading\" src=\"https:\/\/astrostrona.pl\/wp-content\/plugins\/page-views-count\/ajax-loader-2x.gif\" border=0 \/><\/p>\n<div class=\"pvc_clear\"><\/div>\n","protected":false},"author":2,"featured_media":0,"parent":694,"menu_order":0,"comment_status":"closed","ping_status":"closed","template":"","meta":{"inline_featured_image":false,"footnotes":""},"yoast_head":"<!-- This site is optimized with the Yoast SEO plugin v18.7 - https:\/\/yoast.com\/wordpress\/plugins\/seo\/ -->\n<title>Mapa Ksi\u0119\u017cyca - astrostrona.pl<\/title>\n<meta name=\"robots\" content=\"index, follow, max-snippet:-1, max-image-preview:large, max-video-preview:-1\" \/>\n<link rel=\"canonical\" href=\"https:\/\/astrostrona.pl\/narzedzia-i-pomoce\/mapa-ksiezyca\/\" \/>\n<meta property=\"og:locale\" content=\"pl_PL\" \/>\n<meta property=\"og:type\" content=\"article\" \/>\n<meta property=\"og:title\" content=\"Mapa Ksi\u0119\u017cyca - astrostrona.pl\" \/>\n<meta property=\"og:description\" content=\"Wygodna Mapa Ksi\u0119\u017cyca po polsku, w postaci pojedynczego pliku graficznego lub pliku PDF do wydruku. Obejmuje ponad 600 formacji terenowych i miejsc na widocznej z&hellip;\" \/>\n<meta property=\"og:url\" content=\"https:\/\/astrostrona.pl\/narzedzia-i-pomoce\/mapa-ksiezyca\/\" \/>\n<meta property=\"og:site_name\" content=\"astrostrona.pl\" \/>\n<meta property=\"article:publisher\" content=\"https:\/\/www.facebook.com\/Astrostrona-113951687113999\" \/>\n<meta property=\"article:modified_time\" content=\"2022-08-20T14:14:34+00:00\" \/>\n<meta property=\"og:image\" content=\"https:\/\/astrostrona.pl\/wp-content\/uploads\/2022\/08\/MAPA-KSIEZYCA-PO-POLSKU-MOON-MAP-astrostrona.pl-v1.3.6.1-1024x1024.png\" \/>\n<meta name=\"twitter:card\" content=\"summary_large_image\" \/>\n<meta name=\"twitter:site\" content=\"@astrostrona\" \/>\n<meta name=\"twitter:label1\" content=\"Szacowany czas czytania\" \/>\n\t<meta name=\"twitter:data1\" content=\"5 minut\" \/>\n<script type=\"application\/ld+json\" class=\"yoast-schema-graph\">{\"@context\":\"https:\/\/schema.org\",\"@graph\":[{\"@type\":\"Organization\",\"@id\":\"https:\/\/astrostrona.pl\/#organization\",\"name\":\"astrostrona.pl\",\"url\":\"https:\/\/astrostrona.pl\/\",\"sameAs\":[\"https:\/\/www.facebook.com\/Astrostrona-113951687113999\",\"https:\/\/www.instagram.com\/astrostrona\/\",\"https:\/\/twitter.com\/astrostrona\"],\"logo\":{\"@type\":\"ImageObject\",\"inLanguage\":\"pl-PL\",\"@id\":\"https:\/\/astrostrona.pl\/#\/schema\/logo\/image\/\",\"url\":\"https:\/\/astrostrona.pl\/wp-content\/uploads\/2020\/09\/logo-BIALE-TLO.svg\",\"contentUrl\":\"https:\/\/astrostrona.pl\/wp-content\/uploads\/2020\/09\/logo-BIALE-TLO.svg\",\"width\":900,\"height\":300,\"caption\":\"astrostrona.pl\"},\"image\":{\"@id\":\"https:\/\/astrostrona.pl\/#\/schema\/logo\/image\/\"}},{\"@type\":\"WebSite\",\"@id\":\"https:\/\/astrostrona.pl\/#website\",\"url\":\"https:\/\/astrostrona.pl\/\",\"name\":\"astrostrona.pl\",\"description\":\"Obserwacje, znaleziska i wykopaliska\",\"publisher\":{\"@id\":\"https:\/\/astrostrona.pl\/#organization\"},\"potentialAction\":[{\"@type\":\"SearchAction\",\"target\":{\"@type\":\"EntryPoint\",\"urlTemplate\":\"https:\/\/astrostrona.pl\/?s={search_term_string}\"},\"query-input\":\"required name=search_term_string\"}],\"inLanguage\":\"pl-PL\"},{\"@type\":\"ImageObject\",\"inLanguage\":\"pl-PL\",\"@id\":\"https:\/\/astrostrona.pl\/narzedzia-i-pomoce\/mapa-ksiezyca\/#primaryimage\",\"url\":\"https:\/\/astrostrona.pl\/wp-content\/uploads\/2022\/08\/MAPA-KSIEZYCA-PO-POLSKU-MOON-MAP-astrostrona.pl-v1.3.6.1.png\",\"contentUrl\":\"https:\/\/astrostrona.pl\/wp-content\/uploads\/2022\/08\/MAPA-KSIEZYCA-PO-POLSKU-MOON-MAP-astrostrona.pl-v1.3.6.1.png\",\"width\":3200,\"height\":3200},{\"@type\":\"WebPage\",\"@id\":\"https:\/\/astrostrona.pl\/narzedzia-i-pomoce\/mapa-ksiezyca\/#webpage\",\"url\":\"https:\/\/astrostrona.pl\/narzedzia-i-pomoce\/mapa-ksiezyca\/\",\"name\":\"Mapa Ksi\u0119\u017cyca - astrostrona.pl\",\"isPartOf\":{\"@id\":\"https:\/\/astrostrona.pl\/#website\"},\"primaryImageOfPage\":{\"@id\":\"https:\/\/astrostrona.pl\/narzedzia-i-pomoce\/mapa-ksiezyca\/#primaryimage\"},\"datePublished\":\"2020-09-21T11:02:29+00:00\",\"dateModified\":\"2022-08-20T14:14:34+00:00\",\"breadcrumb\":{\"@id\":\"https:\/\/astrostrona.pl\/narzedzia-i-pomoce\/mapa-ksiezyca\/#breadcrumb\"},\"inLanguage\":\"pl-PL\",\"potentialAction\":[{\"@type\":\"ReadAction\",\"target\":[\"https:\/\/astrostrona.pl\/narzedzia-i-pomoce\/mapa-ksiezyca\/\"]}]},{\"@type\":\"BreadcrumbList\",\"@id\":\"https:\/\/astrostrona.pl\/narzedzia-i-pomoce\/mapa-ksiezyca\/#breadcrumb\",\"itemListElement\":[{\"@type\":\"ListItem\",\"position\":1,\"name\":\"Strona g\u0142\u00f3wna\",\"item\":\"https:\/\/astrostrona.pl\/\"},{\"@type\":\"ListItem\",\"position\":2,\"name\":\"Narz\u0119dzia i pomoce\",\"item\":\"https:\/\/astrostrona.pl\/narzedzia-i-pomoce\/\"},{\"@type\":\"ListItem\",\"position\":3,\"name\":\"Mapa Ksi\u0119\u017cyca\"}]}]}<\/script>\n<!-- \/ Yoast SEO plugin. -->","yoast_head_json":{"title":"Mapa Ksi\u0119\u017cyca - astrostrona.pl","robots":{"index":"index","follow":"follow","max-snippet":"max-snippet:-1","max-image-preview":"max-image-preview:large","max-video-preview":"max-video-preview:-1"},"canonical":"https:\/\/astrostrona.pl\/narzedzia-i-pomoce\/mapa-ksiezyca\/","og_locale":"pl_PL","og_type":"article","og_title":"Mapa Ksi\u0119\u017cyca - astrostrona.pl","og_description":"Wygodna Mapa Ksi\u0119\u017cyca po polsku, w postaci pojedynczego pliku graficznego lub pliku PDF do wydruku. Obejmuje ponad 600 formacji terenowych i miejsc na widocznej z&hellip;","og_url":"https:\/\/astrostrona.pl\/narzedzia-i-pomoce\/mapa-ksiezyca\/","og_site_name":"astrostrona.pl","article_publisher":"https:\/\/www.facebook.com\/Astrostrona-113951687113999","article_modified_time":"2022-08-20T14:14:34+00:00","og_image":[{"url":"https:\/\/astrostrona.pl\/wp-content\/uploads\/2022\/08\/MAPA-KSIEZYCA-PO-POLSKU-MOON-MAP-astrostrona.pl-v1.3.6.1-1024x1024.png"}],"twitter_card":"summary_large_image","twitter_site":"@astrostrona","twitter_misc":{"Szacowany czas czytania":"5 minut"},"schema":{"@context":"https:\/\/schema.org","@graph":[{"@type":"Organization","@id":"https:\/\/astrostrona.pl\/#organization","name":"astrostrona.pl","url":"https:\/\/astrostrona.pl\/","sameAs":["https:\/\/www.facebook.com\/Astrostrona-113951687113999","https:\/\/www.instagram.com\/astrostrona\/","https:\/\/twitter.com\/astrostrona"],"logo":{"@type":"ImageObject","inLanguage":"pl-PL","@id":"https:\/\/astrostrona.pl\/#\/schema\/logo\/image\/","url":"https:\/\/astrostrona.pl\/wp-content\/uploads\/2020\/09\/logo-BIALE-TLO.svg","contentUrl":"https:\/\/astrostrona.pl\/wp-content\/uploads\/2020\/09\/logo-BIALE-TLO.svg","width":900,"height":300,"caption":"astrostrona.pl"},"image":{"@id":"https:\/\/astrostrona.pl\/#\/schema\/logo\/image\/"}},{"@type":"WebSite","@id":"https:\/\/astrostrona.pl\/#website","url":"https:\/\/astrostrona.pl\/","name":"astrostrona.pl","description":"Obserwacje, znaleziska i wykopaliska","publisher":{"@id":"https:\/\/astrostrona.pl\/#organization"},"potentialAction":[{"@type":"SearchAction","target":{"@type":"EntryPoint","urlTemplate":"https:\/\/astrostrona.pl\/?s={search_term_string}"},"query-input":"required name=search_term_string"}],"inLanguage":"pl-PL"},{"@type":"ImageObject","inLanguage":"pl-PL","@id":"https:\/\/astrostrona.pl\/narzedzia-i-pomoce\/mapa-ksiezyca\/#primaryimage","url":"https:\/\/astrostrona.pl\/wp-content\/uploads\/2022\/08\/MAPA-KSIEZYCA-PO-POLSKU-MOON-MAP-astrostrona.pl-v1.3.6.1.png","contentUrl":"https:\/\/astrostrona.pl\/wp-content\/uploads\/2022\/08\/MAPA-KSIEZYCA-PO-POLSKU-MOON-MAP-astrostrona.pl-v1.3.6.1.png","width":3200,"height":3200},{"@type":"WebPage","@id":"https:\/\/astrostrona.pl\/narzedzia-i-pomoce\/mapa-ksiezyca\/#webpage","url":"https:\/\/astrostrona.pl\/narzedzia-i-pomoce\/mapa-ksiezyca\/","name":"Mapa Ksi\u0119\u017cyca - astrostrona.pl","isPartOf":{"@id":"https:\/\/astrostrona.pl\/#website"},"primaryImageOfPage":{"@id":"https:\/\/astrostrona.pl\/narzedzia-i-pomoce\/mapa-ksiezyca\/#primaryimage"},"datePublished":"2020-09-21T11:02:29+00:00","dateModified":"2022-08-20T14:14:34+00:00","breadcrumb":{"@id":"https:\/\/astrostrona.pl\/narzedzia-i-pomoce\/mapa-ksiezyca\/#breadcrumb"},"inLanguage":"pl-PL","potentialAction":[{"@type":"ReadAction","target":["https:\/\/astrostrona.pl\/narzedzia-i-pomoce\/mapa-ksiezyca\/"]}]},{"@type":"BreadcrumbList","@id":"https:\/\/astrostrona.pl\/narzedzia-i-pomoce\/mapa-ksiezyca\/#breadcrumb","itemListElement":[{"@type":"ListItem","position":1,"name":"Strona g\u0142\u00f3wna","item":"https:\/\/astrostrona.pl\/"},{"@type":"ListItem","position":2,"name":"Narz\u0119dzia i pomoce","item":"https:\/\/astrostrona.pl\/narzedzia-i-pomoce\/"},{"@type":"ListItem","position":3,"name":"Mapa Ksi\u0119\u017cyca"}]}]}},"_links":{"self":[{"href":"https:\/\/astrostrona.pl\/index.php?rest_route=\/wp\/v2\/pages\/995"}],"collection":[{"href":"https:\/\/astrostrona.pl\/index.php?rest_route=\/wp\/v2\/pages"}],"about":[{"href":"https:\/\/astrostrona.pl\/index.php?rest_route=\/wp\/v2\/types\/page"}],"author":[{"embeddable":true,"href":"https:\/\/astrostrona.pl\/index.php?rest_route=\/wp\/v2\/users\/2"}],"replies":[{"embeddable":true,"href":"https:\/\/astrostrona.pl\/index.php?rest_route=%2Fwp%2Fv2%2Fcomments&post=995"}],"version-history":[{"count":0,"href":"https:\/\/astrostrona.pl\/index.php?rest_route=\/wp\/v2\/pages\/995\/revisions"}],"up":[{"embeddable":true,"href":"https:\/\/astrostrona.pl\/index.php?rest_route=\/wp\/v2\/pages\/694"}],"wp:attachment":[{"href":"https:\/\/astrostrona.pl\/index.php?rest_route=%2Fwp%2Fv2%2Fmedia&parent=995"}],"curies":[{"name":"wp","href":"https:\/\/api.w.org\/{rel}","templated":true}]}}