
{"id":9,"date":"2020-09-05T16:39:10","date_gmt":"2020-09-05T14:39:10","guid":{"rendered":"https:\/\/astrostrona.pl\/?page_id=9"},"modified":"2022-05-02T14:50:27","modified_gmt":"2022-05-02T12:50:27","slug":"o-astrostronie","status":"publish","type":"page","link":"https:\/\/astrostrona.pl\/?page_id=9","title":{"rendered":"O astrostronie"},"content":{"rendered":"\n<p>Strona o astronomii? Strona dla astronom\u00f3w? Nic z tego&#8230;! Astrostrona po\u015bwi\u0119cona jest mojej amatorskiej zabawie instrumentami astronomicznymi. Tylko tyle. Nie znajdziecie tu systematycznego przegl\u0105du wiedzy astronomicznej, a astronomowie &#8211; je\u015bli si\u0119 tu jaki\u015b cudem zap\u0119dzi\u0142 &#8211; powinni czym pr\u0119dzej powr\u00f3ci\u0107 do uczciwej,  naukowej pracy, zamiast ogl\u0105da\u0107 niepowa\u017cne astrostrony&#8230;<\/p>\n\n\n\n<p>Nazywam si\u0119 \u0141ukasz \u0141ukasiewicz. Na co dzie\u0144 zajmuj\u0119 si\u0119 projektowaniem graficznym. Moja przygoda z astronomi\u0105 rozpocz\u0119\u0142a si\u0119 w czasach szkolnych, w latach 80-tych. Sprz\u0119t obserwacyjny pozostawa\u0142 w\u00f3wczas poza naszym zasi\u0119giem. Teleskopy robi\u0142o si\u0119 z rur kartonowych i kanalizacyjnych. Ponura rzeczywisto\u015b\u0107 nie dawa\u0142a szans na rozw\u00f3j takich zainteresowa\u0144. Po pewnym czasie podda\u0142em si\u0119, powracaj\u0105c do dawnej pasji dopiero po wielu latach.<\/p>\n\n\n\n<div class=\"wp-block-image\"><figure class=\"alignleft size-large is-resized\"><img loading=\"lazy\" decoding=\"async\" src=\"https:\/\/astrostrona.pl\/wp-content\/uploads\/2020\/09\/ja666.jpg\" alt=\"\" class=\"wp-image-284\" width=\"260\" height=\"260\" srcset=\"https:\/\/astrostrona.pl\/wp-content\/uploads\/2020\/09\/ja666.jpg 666w, https:\/\/astrostrona.pl\/wp-content\/uploads\/2020\/09\/ja666-300x300.jpg 300w, https:\/\/astrostrona.pl\/wp-content\/uploads\/2020\/09\/ja666-150x150.jpg 150w, https:\/\/astrostrona.pl\/wp-content\/uploads\/2020\/09\/ja666-75x75.jpg 75w\" sizes=\"(max-width: 260px) 100vw, 260px\" \/><figcaption>Ja i wyci\u0105g okularowy refraktora SW 120ED&#8230;<\/figcaption><\/figure><\/div>\n\n\n\n<p>Co zasta\u0142em? Mo\u017cliwo\u015bci dost\u0119pnego dzi\u015b sprz\u0119tu przyprawiaj\u0105 o zawr\u00f3t g\u0142owy. Technika cyfrowa, kt\u00f3ra szybko zadomowi\u0142a si\u0119 astrofotografii, to \u017ar\u00f3d\u0142o nieko\u0144cz\u0105cej si\u0119 fascynacji dla kogo\u015b, kto pami\u0119ta walk\u0119 o uzyskanie obrazu Ksi\u0119\u017cyca za pomoc\u0105 radzieckiego aparatu Zenit i filmu Fotopan HL&#8230;<\/p>\n\n\n\n<p>Na tym nie koniec! Dost\u0119pne sta\u0142y si\u0119 tak\u017ce stare, budz\u0105ce sentyment teleskopy, kt\u00f3re w m\u0142odo\u015bci podziwia\u0142em jedynie na zdobycznych zachodnich folderach, lub na stronach <em>Sky &amp; Telescope<\/em>, przegl\u0105danego z wypiekami na twarzy w bibliotece Instytutu Astronomii we Wroc\u0142awiu. Teraz jest szansa je zdoby\u0107! Prawda \u017ce to g\u0142upie? Ale tak trudno si\u0119 oprze\u0107 pokusie wynajdywania zniszczonych zabytk\u00f3w tego typu, kt\u00f3re staram si\u0119 ratowa\u0107 przed unicestwieniem i przywraca\u0107 do \u015bwietno\u015bci, ciesz\u0105c si\u0119 codziennie ich widokiem&#8230;<\/p>\n\n\n\n<figure class=\"wp-block-image size-large\"><a href=\"https:\/\/astrostrona.pl\/wp-content\/uploads\/2020\/09\/20191128_113402.jpg\"><img loading=\"lazy\" decoding=\"async\" width=\"1024\" height=\"576\" src=\"https:\/\/astrostrona.pl\/wp-content\/uploads\/2020\/09\/20191128_113402-1024x576.jpg\" alt=\"\" class=\"wp-image-342\" srcset=\"https:\/\/astrostrona.pl\/wp-content\/uploads\/2020\/09\/20191128_113402-1024x576.jpg 1024w, https:\/\/astrostrona.pl\/wp-content\/uploads\/2020\/09\/20191128_113402-300x169.jpg 300w, https:\/\/astrostrona.pl\/wp-content\/uploads\/2020\/09\/20191128_113402-768x432.jpg 768w, https:\/\/astrostrona.pl\/wp-content\/uploads\/2020\/09\/20191128_113402-1536x864.jpg 1536w, https:\/\/astrostrona.pl\/wp-content\/uploads\/2020\/09\/20191128_113402.jpg 1600w\" sizes=\"(max-width: 1024px) 100vw, 1024px\" \/><\/a><figcaption>M\u00f3j ukochany refraktor wykonany r\u0119cznie w latach 80-tych z rury kartonowej, oparty o s\u0142ynny obiektyw PZO\/PTMA 68\/800 mm. Z ty\u0142u widoczne elementy NRD-owskiego systemu Telementor produkcji Carl Zeiss Jena &#8211; zestaw sk\u0142adaj\u0105cy si\u0119 z soczewki Barlowa 1,3x oraz mocowania okularu ortoskopowego 10-O  w standardzie 0,96 cala. Ca\u0142o\u015b\u0107 na  monta\u017cu azymutalnym i statywie &#8222;Goliat&#8221; prod. NRD. Wyci\u0105g okularowy szukacza ze szpulki po ta\u015bmie &#8222;Poloplast&#8221; \ud83d\ude42<\/figcaption><\/figure>\n\n\n\n<p>Kiedy przypomn\u0119 sobie godziny sp\u0119dzane w obserwatorium PTMA na Wzg\u00f3rzu Partyzant\u00f3w we Wroc\u0142awiu, gdzie jako dumny cz\u0142onek Sekcji Obserwacji Pozycji i Zakry\u0107 po\u015bwi\u0119ca\u0142em wraz z moim przyjacielem (dzi\u015b cenionym na \u015bwiecie astronomem&#8230;) noce na &#8222;naukowe&#8221; obserwacje zakry\u0107 gwiazd przez Ksi\u0119\u017cyc, albo wysi\u0142ek w\u0142o\u017cony w dotarcie do fina\u0142u og\u00f3lnopolskiej Olimpiady Astronomicznej widz\u0119, jak kardynalna zmiana dokona\u0142a si\u0119 przez lata w podej\u015bciu do amatorskiej astronomii. Dzi\u0119ki dost\u0119pno\u015bci sprz\u0119tu i technice cyfrowej, dziedzina ta sta\u0142a si\u0119 po prostu &#8211; <strong>wspania\u0142\u0105 zabaw\u0105<\/strong>! Pogo\u0144 za zawodowymi astronomami i pr\u00f3by udawania naukowc\u00f3w ust\u0105pi\u0142y miejsca przyjemno\u015bci patrzenia, utrwalania pi\u0119knych obraz\u00f3w, kolekcjonowania instrument\u00f3w optycznych. Jaka ulga! <\/p>\n\n\n\n<p>W tej chwili m\u00f3j podstawowy instrument to 8-calowy (203 mm) Meade LX200 ACF, wsp\u00f3\u0142pracuj\u0105cy z kamer\u0105 ZWO ASI 178 MC.<\/p>\n\n\n\n<p>Opr\u00f3cz tego &#8211; troch\u0119 mimo woli i mimo sprzeciw\u00f3w \u017cony &#8211; ro\u015bnie moja kolekcja starych refraktor\u00f3w, kt\u00f3re poddaj\u0119 zabiegom reanimacyjnym i renowacji, a potem usi\u0142uj\u0119 znale\u017a\u0107 dla nich miejsce w domu&#8230; <\/p>\n\n\n\n<p>Urz\u0119duj\u0119 na wsi w okolicach Krakowa. Jednak blisko\u015b\u0107 miasta i lotniska w Balicach sprawia, \u017ce warunki obserwacyjne s\u0105 bardzo dalekie od &#8222;wiejskich&#8221; (5 w skali Bortle&#8217;a). Dobra widoczno\u015b\u0107 Drogi Mlecznej nale\u017cy w mojej okolicy do rzadko\u015bci. Kiedy jest ju\u017c ca\u0142kiem \u017ale, zabieram si\u0119 za astrostron\u0119&#8230;<\/p>\n\n\n\n<p>Moje zdj\u0119cia znajdziecie tak\u017ce w serwisie <a href=\"https:\/\/www.flickr.com\/photos\/lukasz_lukasiewicz\/\" target=\"_blank\" rel=\"noreferrer noopener\">Flickr<\/a> oraz w banku zdj\u0119\u0107 <a href=\"http:\/\/www.shutterstock.com\/g\/Lukasz+Lukasiewicz\" target=\"_blank\" rel=\"noreferrer noopener\">Shutterstock<\/a>.<\/p>\n\n\n\n<p><br><\/p>\n<div class=\"pvc_clear\"><\/div><p id=\"pvc_stats_9\" class=\"pvc_stats total_only  \" data-element-id=\"9\" style=\"\"><i class=\"pvc-stats-icon small\" aria-hidden=\"true\"><svg xmlns=\"http:\/\/www.w3.org\/2000\/svg\" version=\"1.0\" viewBox=\"0 0 502 315\" preserveAspectRatio=\"xMidYMid meet\"><g transform=\"translate(0,332) scale(0.1,-0.1)\" fill=\"\" stroke=\"none\"><path d=\"M2394 3279 l-29 -30 -3 -207 c-2 -182 0 -211 15 -242 39 -76 157 -76 196 0 15 31 17 60 15 243 l-3 209 -33 29 c-26 23 -41 29 -80 29 -41 0 -53 -5 -78 -31z\"\/><path d=\"M3085 3251 c-45 -19 -58 -50 -96 -229 -47 -217 -49 -260 -13 -295 52 -53 146 -42 177 20 16 31 87 366 87 410 0 70 -86 122 -155 94z\"\/><path d=\"M1751 3234 c-13 -9 -29 -31 -37 -50 -12 -29 -10 -49 21 -204 19 -94 39 -189 45 -210 14 -50 54 -80 110 -80 34 0 48 6 76 34 21 21 34 44 34 59 0 14 -18 113 -40 219 -37 178 -43 195 -70 221 -36 32 -101 37 -139 11z\"\/><path d=\"M1163 3073 c-36 -7 -73 -59 -73 -102 0 -56 133 -378 171 -413 34 -32 83 -37 129 -13 70 36 67 87 -16 290 -86 209 -89 214 -129 231 -35 14 -42 15 -82 7z\"\/><path d=\"M3689 3066 c-15 -9 -33 -30 -42 -48 -48 -103 -147 -355 -147 -375 0 -98 131 -148 192 -74 13 15 57 108 97 206 80 196 84 226 37 273 -30 30 -99 39 -137 18z\"\/><path d=\"M583 2784 c-38 -19 -67 -74 -58 -113 9 -42 211 -354 242 -373 16 -10 45 -18 66 -18 51 0 107 52 107 100 0 39 -1 41 -124 234 -80 126 -108 162 -133 173 -41 17 -61 16 -100 -3z\"\/><path d=\"M4250 2784 c-14 -9 -74 -91 -133 -183 -95 -150 -107 -173 -107 -213 0 -55 33 -94 87 -104 67 -13 90 8 211 198 130 202 137 225 78 284 -27 27 -42 34 -72 34 -22 0 -50 -8 -64 -16z\"\/><path d=\"M2275 2693 c-553 -48 -1095 -270 -1585 -649 -135 -104 -459 -423 -483 -476 -23 -49 -22 -139 2 -186 73 -142 361 -457 571 -626 285 -228 642 -407 990 -497 242 -63 336 -73 660 -74 310 0 370 5 595 52 535 111 1045 392 1455 803 122 121 250 273 275 326 19 41 19 137 0 174 -41 79 -309 363 -465 492 -447 370 -946 591 -1479 653 -113 14 -422 18 -536 8z m395 -428 c171 -34 330 -124 456 -258 112 -119 167 -219 211 -378 27 -96 24 -300 -5 -401 -72 -255 -236 -447 -474 -557 -132 -62 -201 -76 -368 -76 -167 0 -236 14 -368 76 -213 98 -373 271 -451 485 -162 444 86 934 547 1084 153 49 292 57 452 25z m909 -232 c222 -123 408 -262 593 -441 76 -74 138 -139 138 -144 0 -16 -233 -242 -330 -319 -155 -123 -309 -223 -461 -299 l-81 -41 32 46 c18 26 49 83 70 128 143 306 141 649 -6 957 -25 52 -61 116 -79 142 l-34 47 45 -20 c26 -10 76 -36 113 -56z m-2057 25 c-40 -58 -105 -190 -130 -263 -110 -324 -59 -707 132 -981 25 -35 42 -64 37 -64 -19 0 -241 119 -326 174 -188 122 -406 314 -532 468 l-58 71 108 103 c185 178 428 349 672 473 66 33 121 60 123 61 2 0 -10 -19 -26 -42z\"\/><path d=\"M2375 1950 c-198 -44 -350 -190 -395 -379 -18 -76 -8 -221 19 -290 114 -284 457 -406 731 -260 98 52 188 154 231 260 27 69 37 214 19 290 -38 163 -166 304 -326 360 -67 23 -215 33 -279 19z\"\/><\/g><\/svg><\/i> <img loading=\"lazy\" decoding=\"async\" width=\"16\" height=\"16\" alt=\"Loading\" src=\"https:\/\/astrostrona.pl\/wp-content\/plugins\/page-views-count\/ajax-loader-2x.gif\" border=0 \/><\/p><div class=\"pvc_clear\"><\/div>","protected":false},"excerpt":{"rendered":"<p>Strona o astronomii? Strona dla astronom\u00f3w? Nic z tego&#8230;! Astrostrona po\u015bwi\u0119cona jest mojej amatorskiej zabawie instrumentami astronomicznymi. Tylko tyle. Nie znajdziecie tu systematycznego przegl\u0105du wiedzy&hellip; <\/p>\n<div class=\"pvc_clear\"><\/div>\n<p id=\"pvc_stats_9\" class=\"pvc_stats total_only  \" data-element-id=\"9\" style=\"\"><i class=\"pvc-stats-icon small\" aria-hidden=\"true\"><svg xmlns=\"http:\/\/www.w3.org\/2000\/svg\" version=\"1.0\" viewBox=\"0 0 502 315\" preserveAspectRatio=\"xMidYMid meet\"><g transform=\"translate(0,332) scale(0.1,-0.1)\" fill=\"\" stroke=\"none\"><path d=\"M2394 3279 l-29 -30 -3 -207 c-2 -182 0 -211 15 -242 39 -76 157 -76 196 0 15 31 17 60 15 243 l-3 209 -33 29 c-26 23 -41 29 -80 29 -41 0 -53 -5 -78 -31z\"\/><path d=\"M3085 3251 c-45 -19 -58 -50 -96 -229 -47 -217 -49 -260 -13 -295 52 -53 146 -42 177 20 16 31 87 366 87 410 0 70 -86 122 -155 94z\"\/><path d=\"M1751 3234 c-13 -9 -29 -31 -37 -50 -12 -29 -10 -49 21 -204 19 -94 39 -189 45 -210 14 -50 54 -80 110 -80 34 0 48 6 76 34 21 21 34 44 34 59 0 14 -18 113 -40 219 -37 178 -43 195 -70 221 -36 32 -101 37 -139 11z\"\/><path d=\"M1163 3073 c-36 -7 -73 -59 -73 -102 0 -56 133 -378 171 -413 34 -32 83 -37 129 -13 70 36 67 87 -16 290 -86 209 -89 214 -129 231 -35 14 -42 15 -82 7z\"\/><path d=\"M3689 3066 c-15 -9 -33 -30 -42 -48 -48 -103 -147 -355 -147 -375 0 -98 131 -148 192 -74 13 15 57 108 97 206 80 196 84 226 37 273 -30 30 -99 39 -137 18z\"\/><path d=\"M583 2784 c-38 -19 -67 -74 -58 -113 9 -42 211 -354 242 -373 16 -10 45 -18 66 -18 51 0 107 52 107 100 0 39 -1 41 -124 234 -80 126 -108 162 -133 173 -41 17 -61 16 -100 -3z\"\/><path d=\"M4250 2784 c-14 -9 -74 -91 -133 -183 -95 -150 -107 -173 -107 -213 0 -55 33 -94 87 -104 67 -13 90 8 211 198 130 202 137 225 78 284 -27 27 -42 34 -72 34 -22 0 -50 -8 -64 -16z\"\/><path d=\"M2275 2693 c-553 -48 -1095 -270 -1585 -649 -135 -104 -459 -423 -483 -476 -23 -49 -22 -139 2 -186 73 -142 361 -457 571 -626 285 -228 642 -407 990 -497 242 -63 336 -73 660 -74 310 0 370 5 595 52 535 111 1045 392 1455 803 122 121 250 273 275 326 19 41 19 137 0 174 -41 79 -309 363 -465 492 -447 370 -946 591 -1479 653 -113 14 -422 18 -536 8z m395 -428 c171 -34 330 -124 456 -258 112 -119 167 -219 211 -378 27 -96 24 -300 -5 -401 -72 -255 -236 -447 -474 -557 -132 -62 -201 -76 -368 -76 -167 0 -236 14 -368 76 -213 98 -373 271 -451 485 -162 444 86 934 547 1084 153 49 292 57 452 25z m909 -232 c222 -123 408 -262 593 -441 76 -74 138 -139 138 -144 0 -16 -233 -242 -330 -319 -155 -123 -309 -223 -461 -299 l-81 -41 32 46 c18 26 49 83 70 128 143 306 141 649 -6 957 -25 52 -61 116 -79 142 l-34 47 45 -20 c26 -10 76 -36 113 -56z m-2057 25 c-40 -58 -105 -190 -130 -263 -110 -324 -59 -707 132 -981 25 -35 42 -64 37 -64 -19 0 -241 119 -326 174 -188 122 -406 314 -532 468 l-58 71 108 103 c185 178 428 349 672 473 66 33 121 60 123 61 2 0 -10 -19 -26 -42z\"\/><path d=\"M2375 1950 c-198 -44 -350 -190 -395 -379 -18 -76 -8 -221 19 -290 114 -284 457 -406 731 -260 98 52 188 154 231 260 27 69 37 214 19 290 -38 163 -166 304 -326 360 -67 23 -215 33 -279 19z\"\/><\/g><\/svg><\/i> <img loading=\"lazy\" decoding=\"async\" width=\"16\" height=\"16\" alt=\"Loading\" src=\"https:\/\/astrostrona.pl\/wp-content\/plugins\/page-views-count\/ajax-loader-2x.gif\" border=0 \/><\/p>\n<div class=\"pvc_clear\"><\/div>\n","protected":false},"author":1,"featured_media":0,"parent":0,"menu_order":0,"comment_status":"open","ping_status":"closed","template":"","meta":{"inline_featured_image":false,"footnotes":""},"yoast_head":"<!-- This site is optimized with the Yoast SEO plugin v18.7 - https:\/\/yoast.com\/wordpress\/plugins\/seo\/ -->\n<title>O astrostronie - astrostrona.pl<\/title>\n<meta name=\"robots\" content=\"index, follow, max-snippet:-1, max-image-preview:large, max-video-preview:-1\" \/>\n<link rel=\"canonical\" href=\"https:\/\/astrostrona.pl\/o-astrostronie\/\" \/>\n<meta property=\"og:locale\" content=\"pl_PL\" \/>\n<meta property=\"og:type\" content=\"article\" \/>\n<meta property=\"og:title\" content=\"O astrostronie - astrostrona.pl\" \/>\n<meta property=\"og:description\" content=\"Strona o astronomii? Strona dla astronom\u00f3w? Nic z tego&#8230;! Astrostrona po\u015bwi\u0119cona jest mojej amatorskiej zabawie instrumentami astronomicznymi. Tylko tyle. Nie znajdziecie tu systematycznego przegl\u0105du wiedzy&hellip;\" \/>\n<meta property=\"og:url\" content=\"https:\/\/astrostrona.pl\/o-astrostronie\/\" \/>\n<meta property=\"og:site_name\" content=\"astrostrona.pl\" \/>\n<meta property=\"article:publisher\" content=\"https:\/\/www.facebook.com\/Astrostrona-113951687113999\" \/>\n<meta property=\"article:modified_time\" content=\"2022-05-02T12:50:27+00:00\" \/>\n<meta property=\"og:image\" content=\"https:\/\/astrostrona.pl\/wp-content\/uploads\/2020\/09\/ja666.jpg\" \/>\n<meta name=\"twitter:card\" content=\"summary_large_image\" \/>\n<meta name=\"twitter:site\" content=\"@astrostrona\" \/>\n<meta name=\"twitter:label1\" content=\"Szacowany czas czytania\" \/>\n\t<meta name=\"twitter:data1\" content=\"4 minuty\" \/>\n<script type=\"application\/ld+json\" class=\"yoast-schema-graph\">{\"@context\":\"https:\/\/schema.org\",\"@graph\":[{\"@type\":\"Organization\",\"@id\":\"https:\/\/astrostrona.pl\/#organization\",\"name\":\"astrostrona.pl\",\"url\":\"https:\/\/astrostrona.pl\/\",\"sameAs\":[\"https:\/\/www.facebook.com\/Astrostrona-113951687113999\",\"https:\/\/www.instagram.com\/astrostrona\/\",\"https:\/\/twitter.com\/astrostrona\"],\"logo\":{\"@type\":\"ImageObject\",\"inLanguage\":\"pl-PL\",\"@id\":\"https:\/\/astrostrona.pl\/#\/schema\/logo\/image\/\",\"url\":\"https:\/\/astrostrona.pl\/wp-content\/uploads\/2020\/09\/logo-BIALE-TLO.svg\",\"contentUrl\":\"https:\/\/astrostrona.pl\/wp-content\/uploads\/2020\/09\/logo-BIALE-TLO.svg\",\"width\":900,\"height\":300,\"caption\":\"astrostrona.pl\"},\"image\":{\"@id\":\"https:\/\/astrostrona.pl\/#\/schema\/logo\/image\/\"}},{\"@type\":\"WebSite\",\"@id\":\"https:\/\/astrostrona.pl\/#website\",\"url\":\"https:\/\/astrostrona.pl\/\",\"name\":\"astrostrona.pl\",\"description\":\"Obserwacje, znaleziska i wykopaliska\",\"publisher\":{\"@id\":\"https:\/\/astrostrona.pl\/#organization\"},\"potentialAction\":[{\"@type\":\"SearchAction\",\"target\":{\"@type\":\"EntryPoint\",\"urlTemplate\":\"https:\/\/astrostrona.pl\/?s={search_term_string}\"},\"query-input\":\"required name=search_term_string\"}],\"inLanguage\":\"pl-PL\"},{\"@type\":\"ImageObject\",\"inLanguage\":\"pl-PL\",\"@id\":\"https:\/\/astrostrona.pl\/o-astrostronie\/#primaryimage\",\"url\":\"https:\/\/astrostrona.pl\/wp-content\/uploads\/2020\/09\/ja666.jpg\",\"contentUrl\":\"https:\/\/astrostrona.pl\/wp-content\/uploads\/2020\/09\/ja666.jpg\",\"width\":666,\"height\":666,\"caption\":\"Ja i wyci\u0105g okularowy refraktora SW 120ED\"},{\"@type\":\"WebPage\",\"@id\":\"https:\/\/astrostrona.pl\/o-astrostronie\/#webpage\",\"url\":\"https:\/\/astrostrona.pl\/o-astrostronie\/\",\"name\":\"O astrostronie - astrostrona.pl\",\"isPartOf\":{\"@id\":\"https:\/\/astrostrona.pl\/#website\"},\"primaryImageOfPage\":{\"@id\":\"https:\/\/astrostrona.pl\/o-astrostronie\/#primaryimage\"},\"datePublished\":\"2020-09-05T14:39:10+00:00\",\"dateModified\":\"2022-05-02T12:50:27+00:00\",\"breadcrumb\":{\"@id\":\"https:\/\/astrostrona.pl\/o-astrostronie\/#breadcrumb\"},\"inLanguage\":\"pl-PL\",\"potentialAction\":[{\"@type\":\"ReadAction\",\"target\":[\"https:\/\/astrostrona.pl\/o-astrostronie\/\"]}]},{\"@type\":\"BreadcrumbList\",\"@id\":\"https:\/\/astrostrona.pl\/o-astrostronie\/#breadcrumb\",\"itemListElement\":[{\"@type\":\"ListItem\",\"position\":1,\"name\":\"Strona g\u0142\u00f3wna\",\"item\":\"https:\/\/astrostrona.pl\/\"},{\"@type\":\"ListItem\",\"position\":2,\"name\":\"O astrostronie\"}]}]}<\/script>\n<!-- \/ Yoast SEO plugin. -->","yoast_head_json":{"title":"O astrostronie - astrostrona.pl","robots":{"index":"index","follow":"follow","max-snippet":"max-snippet:-1","max-image-preview":"max-image-preview:large","max-video-preview":"max-video-preview:-1"},"canonical":"https:\/\/astrostrona.pl\/o-astrostronie\/","og_locale":"pl_PL","og_type":"article","og_title":"O astrostronie - astrostrona.pl","og_description":"Strona o astronomii? Strona dla astronom\u00f3w? Nic z tego&#8230;! Astrostrona po\u015bwi\u0119cona jest mojej amatorskiej zabawie instrumentami astronomicznymi. Tylko tyle. Nie znajdziecie tu systematycznego przegl\u0105du wiedzy&hellip;","og_url":"https:\/\/astrostrona.pl\/o-astrostronie\/","og_site_name":"astrostrona.pl","article_publisher":"https:\/\/www.facebook.com\/Astrostrona-113951687113999","article_modified_time":"2022-05-02T12:50:27+00:00","og_image":[{"url":"https:\/\/astrostrona.pl\/wp-content\/uploads\/2020\/09\/ja666.jpg"}],"twitter_card":"summary_large_image","twitter_site":"@astrostrona","twitter_misc":{"Szacowany czas czytania":"4 minuty"},"schema":{"@context":"https:\/\/schema.org","@graph":[{"@type":"Organization","@id":"https:\/\/astrostrona.pl\/#organization","name":"astrostrona.pl","url":"https:\/\/astrostrona.pl\/","sameAs":["https:\/\/www.facebook.com\/Astrostrona-113951687113999","https:\/\/www.instagram.com\/astrostrona\/","https:\/\/twitter.com\/astrostrona"],"logo":{"@type":"ImageObject","inLanguage":"pl-PL","@id":"https:\/\/astrostrona.pl\/#\/schema\/logo\/image\/","url":"https:\/\/astrostrona.pl\/wp-content\/uploads\/2020\/09\/logo-BIALE-TLO.svg","contentUrl":"https:\/\/astrostrona.pl\/wp-content\/uploads\/2020\/09\/logo-BIALE-TLO.svg","width":900,"height":300,"caption":"astrostrona.pl"},"image":{"@id":"https:\/\/astrostrona.pl\/#\/schema\/logo\/image\/"}},{"@type":"WebSite","@id":"https:\/\/astrostrona.pl\/#website","url":"https:\/\/astrostrona.pl\/","name":"astrostrona.pl","description":"Obserwacje, znaleziska i wykopaliska","publisher":{"@id":"https:\/\/astrostrona.pl\/#organization"},"potentialAction":[{"@type":"SearchAction","target":{"@type":"EntryPoint","urlTemplate":"https:\/\/astrostrona.pl\/?s={search_term_string}"},"query-input":"required name=search_term_string"}],"inLanguage":"pl-PL"},{"@type":"ImageObject","inLanguage":"pl-PL","@id":"https:\/\/astrostrona.pl\/o-astrostronie\/#primaryimage","url":"https:\/\/astrostrona.pl\/wp-content\/uploads\/2020\/09\/ja666.jpg","contentUrl":"https:\/\/astrostrona.pl\/wp-content\/uploads\/2020\/09\/ja666.jpg","width":666,"height":666,"caption":"Ja i wyci\u0105g okularowy refraktora SW 120ED"},{"@type":"WebPage","@id":"https:\/\/astrostrona.pl\/o-astrostronie\/#webpage","url":"https:\/\/astrostrona.pl\/o-astrostronie\/","name":"O astrostronie - astrostrona.pl","isPartOf":{"@id":"https:\/\/astrostrona.pl\/#website"},"primaryImageOfPage":{"@id":"https:\/\/astrostrona.pl\/o-astrostronie\/#primaryimage"},"datePublished":"2020-09-05T14:39:10+00:00","dateModified":"2022-05-02T12:50:27+00:00","breadcrumb":{"@id":"https:\/\/astrostrona.pl\/o-astrostronie\/#breadcrumb"},"inLanguage":"pl-PL","potentialAction":[{"@type":"ReadAction","target":["https:\/\/astrostrona.pl\/o-astrostronie\/"]}]},{"@type":"BreadcrumbList","@id":"https:\/\/astrostrona.pl\/o-astrostronie\/#breadcrumb","itemListElement":[{"@type":"ListItem","position":1,"name":"Strona g\u0142\u00f3wna","item":"https:\/\/astrostrona.pl\/"},{"@type":"ListItem","position":2,"name":"O astrostronie"}]}]}},"_links":{"self":[{"href":"https:\/\/astrostrona.pl\/index.php?rest_route=\/wp\/v2\/pages\/9"}],"collection":[{"href":"https:\/\/astrostrona.pl\/index.php?rest_route=\/wp\/v2\/pages"}],"about":[{"href":"https:\/\/astrostrona.pl\/index.php?rest_route=\/wp\/v2\/types\/page"}],"author":[{"embeddable":true,"href":"https:\/\/astrostrona.pl\/index.php?rest_route=\/wp\/v2\/users\/1"}],"replies":[{"embeddable":true,"href":"https:\/\/astrostrona.pl\/index.php?rest_route=%2Fwp%2Fv2%2Fcomments&post=9"}],"version-history":[{"count":0,"href":"https:\/\/astrostrona.pl\/index.php?rest_route=\/wp\/v2\/pages\/9\/revisions"}],"wp:attachment":[{"href":"https:\/\/astrostrona.pl\/index.php?rest_route=%2Fwp%2Fv2%2Fmedia&parent=9"}],"curies":[{"name":"wp","href":"https:\/\/api.w.org\/{rel}","templated":true}]}}