
{"id":717,"date":"2020-09-15T13:36:56","date_gmt":"2020-09-15T11:36:56","guid":{"rendered":"https:\/\/astrostrona.pl\/?page_id=717"},"modified":"2020-09-25T22:13:01","modified_gmt":"2020-09-25T20:13:01","slug":"formacje-ksiezycowe-slownik-lacinsko-polski","status":"publish","type":"page","link":"https:\/\/astrostrona.pl\/?page_id=717","title":{"rendered":"Formacje ksi\u0119\u017cycowe \u2013 s\u0142ownik \u0142aci\u0144sko-polski"},"content":{"rendered":"\n<h2 class=\"wp-block-heading\">Nazwy rodzajowe<\/h2>\n\n\n\n<figure class=\"wp-block-table\"><table class=\"ngc2244_stars_at_night_standardTable tablefixed\"><tbody><tr><td>Catena<\/td><td><em>\u0141a\u0144cuch<\/em><\/td><\/tr><tr><td>Dorsum (dorsa)<\/td><td><em>Grzbiet<\/em><\/td><\/tr><tr><td>Fossa (fossae)<\/td><td><em>Uskok<\/em><\/td><\/tr><tr><td>Lacus<\/td><td><em>Jezioro<\/em><\/td><\/tr><tr><td>Mare<\/td><td><em>Morze<\/em><\/td><\/tr><tr><td>Mons (montes)<\/td><td><em>G\u00f3ra<\/em><\/td><\/tr><tr><td>Oceanus<\/td><td><em>Ocean<\/em><\/td><\/tr><tr><td>Palus<\/td><td><em>Bagno<\/em><\/td><\/tr><tr><td>Planitia<\/td><td><em>R\u00f3wnina<\/em><\/td><\/tr><tr><td>Promontorium<\/td><td><em>Przyl\u0105dek<\/em><\/td><\/tr><tr><td>Rima (rimae)<\/td><td><em>R\u00f3w<\/em><\/td><\/tr><tr><td>Rupes<\/td><td><em>Klif<\/em><\/td><\/tr><tr><td>Sinus<\/td><td><em>Zatoka<\/em><\/td><\/tr><tr><td>Vallis<\/td><td><em>Dolina<\/em><\/td><\/tr><\/tbody><\/table><\/figure>\n\n\n\n<p class=\"has-small-font-size\"><strong>W<\/strong> &#8211; lokalizacja po stronie widocznej<br><strong>N<\/strong> &#8211; lokalizacja po stronie niewidocznej<br><strong>W\/N<\/strong> &#8211; lokalizacja na granicy strony widocznej i niewidocznej<\/p>\n\n\n\n<h2 class=\"wp-block-heading\">Morza i oceany<\/h2>\n\n\n\n<figure class=\"wp-block-table\"><table class=\"ngc2244_stars_at_night_standardTable tablefixed\"><tbody><tr><td>Oceanus Procellarum<\/td><td><em>Ocean Burz<\/em><\/td><td style=\"width:60px\">W<\/td><\/tr><tr><td>Mare Anguis<\/td><td><em>Morze W\u0119\u017cowe<\/em><\/td><td>W<\/td><\/tr><tr><td>Mare Australe<\/td><td><em>Morze Po\u0142udniowe<\/em><\/td><td>W\/N<\/td><\/tr><tr><td>Mare Cognitum<\/td><td><em>Morze Poznane<\/em><\/td><td>W<\/td><\/tr><tr><td>Mare Crisium<\/td><td><em>Morze Przesile\u0144<\/em><\/td><td>W<\/td><\/tr><tr><td>Mare Fecunditatis<\/td><td><em>Morze \u017byzno\u015bci&nbsp;albo&nbsp;Morze Obfito\u015bci<\/em><\/td><td>W<\/td><\/tr><tr><td>Mare Frigoris<\/td><td><em>Morze Zimna<\/em><\/td><td>W<\/td><\/tr><tr><td>Mare Humboldtianum<\/td><td><em>Morze Humboldta<\/em><\/td><td>W\/N<\/td><\/tr><tr><td>Mare Humorum<\/td><td><em>Morze Wilgoci<\/em><\/td><td>W<\/td><\/tr><tr><td>Mare Imbrium<\/td><td><em>Morze Deszcz\u00f3w<\/em><\/td><td>W<\/td><\/tr><tr><td>Mare Ingenii<\/td><td><em>Morze Pomys\u0142\u00f3w<\/em><\/td><td>N<\/td><\/tr><tr><td>Mare Insularum<\/td><td><em>Morze Wysp<\/em><\/td><td>W<\/td><\/tr><tr><td>Mare Marginis<\/td><td><em>Morze Brzegowe<\/em><\/td><td>W\/N<\/td><\/tr><tr><td>Mare Moscoviense<\/td><td><em>Morze&nbsp;Moskwy<\/em><\/td><td>N<\/td><\/tr><tr><td>Mare Nectaris<\/td><td><em>Morze Nektaru<\/em><\/td><td>W<\/td><\/tr><tr><td>Mare Nubium<\/td><td><em>Morze Chmur<\/em><\/td><td>W<\/td><\/tr><tr><td>Mare Orientale<\/td><td><em>Morze Wschodnie<\/em><\/td><td>W\/N<\/td><\/tr><tr><td>Mare Serenitatis<\/td><td><em>Morze Jasno\u015bci<\/em><\/td><td>W<\/td><\/tr><tr><td>Mare Smythii<\/td><td><em>Morze Smytha<\/em><\/td><td>W<\/td><\/tr><tr><td>Mare Spumans<\/td><td><em>Morze Pieni\u0105ce<\/em><\/td><td>W<\/td><\/tr><tr><td>Mare Tranquillitatis<\/td><td><em>Morze Spokoju<\/em><\/td><td>W<\/td><\/tr><tr><td>Mare Undarum<\/td><td><em>Morze Fal<\/em><\/td><td>W<\/td><\/tr><tr><td>Mare Vaporum<\/td><td><em>Morze Opar\u00f3w<\/em><\/td><td>W<\/td><\/tr><\/tbody><\/table><\/figure>\n\n\n\n<h2 class=\"wp-block-heading\">Jeziora<\/h2>\n\n\n\n<figure class=\"wp-block-table\"><table class=\"ngc2244_stars_at_night_standardTable tablefixed\"><tbody><tr><td>Lacus Aestatis<\/td><td><em>Jezioro Lata<\/em><\/td><td style=\"width:60px\">W<\/td><\/tr><tr><td>Lacus Autumni<\/td><td><em>Jezioro Jesieni<\/em><\/td><td>W<\/td><\/tr><tr><td>Lacus Bonitatis<\/td><td><em>Jezioro Dobroci<\/em><\/td><td>W<\/td><\/tr><tr><td>Lacus Doloris<\/td><td><em>Jezioro Smutku<\/em><\/td><td>W<\/td><\/tr><tr><td>Lacus Excellentiae<\/td><td><em>Jezioro Doskona\u0142o\u015bci<\/em><\/td><td>W<\/td><\/tr><tr><td>Lacus Felicitatis<\/td><td><em>Jezioro Szcz\u0119\u015bcia<\/em><\/td><td>W<\/td><\/tr><tr><td>Lacus Gaudii<\/td><td><em>Jezioro Zachwytu<\/em><\/td><td>W<\/td><\/tr><tr><td>Lacus Hiemalis<\/td><td><em>Jezioro Zimy<\/em><\/td><td>W<\/td><\/tr><tr><td>Lacus Lenitatis<\/td><td><em>Jezioro Czu\u0142o\u015bci<\/em><\/td><td>W<\/td><\/tr><tr><td>Lacus Luxuriae<\/td><td><em>Jezioro Obfito\u015bci<\/em><\/td><td>N<\/td><\/tr><tr><td>Lacus Mortis<\/td><td><em>Jezioro \u015amierci<\/em><\/td><td>W<\/td><\/tr><tr><td>Lacus Oblivionis<\/td><td><em>Jezioro Zapomnienia<\/em><\/td><td>N<\/td><\/tr><tr><td>Lacus Odii<\/td><td><em>Jezioro Nienawi\u015bci<\/em><\/td><td>W<\/td><\/tr><tr><td>Lacus Perseverantiae<\/td><td><em>Jezioro Wytrwa\u0142o\u015bci<\/em><\/td><td>W<\/td><\/tr><tr><td>Lacus Solitudinis<\/td><td><em>Jezioro Samotno\u015bci<\/em><\/td><td>N<\/td><\/tr><tr><td>Lacus Somniorum<\/td><td><em>Jezioro Sn\u00f3w<\/em><\/td><td>W<\/td><\/tr><tr><td>Lacus Spei<\/td><td><em>Jezioro Nadziei<\/em><\/td><td>W<\/td><\/tr><tr><td>Lacus Temporis<\/td><td><em>Jezioro Czasu<\/em><\/td><td>W<\/td><\/tr><tr><td>Lacus Timoris<\/td><td><em>Jezioro Strachu<\/em><\/td><td>W<\/td><\/tr><tr><td>Lacus Veris<\/td><td><em>Jezioro Wiosny<\/em><\/td><td>W<\/td><\/tr><\/tbody><\/table><\/figure>\n\n\n\n<h2 class=\"wp-block-heading\">Zatoki<\/h2>\n\n\n\n<figure class=\"wp-block-table\"><table class=\"ngc2244_stars_at_night_standardTable tablefixed\"><tbody><tr><td>Sinus Aestuum<\/td><td><em>Zatoka Upa\u0142\u00f3w<\/em><\/td><td style=\"width:60px\">W<\/td><\/tr><tr><td>Sinus Amoris<\/td><td><em>Zatoka Mi\u0142o\u015bci<\/em><\/td><td>W<\/td><\/tr><tr><td>Sinus Asperitatis<\/td><td><em>Zatoka Grubia\u0144stwa<\/em><\/td><td>W<\/td><\/tr><tr><td>Sinus Concordiae<\/td><td><em>Zatoka Harmonii<\/em><\/td><td>W<\/td><\/tr><tr><td>Sinus Fidei<\/td><td><em>Zatoka Wiary lub Zatoka Zaufania<\/em><\/td><td>W<\/td><\/tr><tr><td>Sinus Honoris<\/td><td><em>Zatoka Honoru<\/em><\/td><td>W<\/td><\/tr><tr><td>Sinus Iridum<\/td><td><em>Zatoka T\u0119cz lub Zatoka T\u0119czy<\/em><\/td><td>W<\/td><\/tr><tr><td>Sinus Lunicus<\/td><td><em>Zatoka \u0141uny 2<\/em><\/td><td>W<\/td><\/tr><tr><td>Sinus Medii<\/td><td><em>Zatoka Centralna<\/em><\/td><td>W<\/td><\/tr><tr><td>Sinus Roris<\/td><td><em>Zatoka Rosy<\/em><\/td><td>W<\/td><\/tr><tr><td>Sinus Successus<\/td><td><em>Zatoka Sukcesu<\/em><\/td><td>W<\/td><\/tr><\/tbody><\/table><\/figure>\n\n\n\n<h2 class=\"wp-block-heading\">Bagna<\/h2>\n\n\n\n<figure class=\"wp-block-table\"><table class=\"ngc2244_stars_at_night_standardTable tablefixed\"><tbody><tr><td>Palus Epidemiarum<\/td><td><em>Bagno Epidemii<\/em><\/td><td style=\"width:60px\">W<\/td><\/tr><tr><td>Palus Putredinis<\/td><td><em>Bagno Zgnilizny<\/em><\/td><td>W<\/td><\/tr><tr><td>Palus Somni<\/td><td><em>Bagno Snu<\/em><\/td><td>W<\/td><\/tr><tr><td>Palus Nebularum<\/td><td><em>Bagno Mgie\u0142<\/em><\/td><td>W<\/td><\/tr><\/tbody><\/table><\/figure>\n\n\n\n<p>Zobacz tak\u017ce:<\/p>\n\n\n\n<ul><li><a href=\"https:\/\/astrostrona.pl\/narzedzia-i-pomoce\/astronomiczny-slownik-lacinski\/formacje-ksiezycowe-slownik-polsko-lacinski\/\">Formacje ksi\u0119\u017cycowe \u2013 s\u0142ownik polsko-\u0142aci\u0144ski<\/a><\/li><li><a href=\"https:\/\/astrostrona.pl\/narzedzia-i-pomoce\/astronomiczny-slownik-lacinski\/\">Lista wszystkich s\u0142ownik\u00f3w<\/a><\/li><li><a href=\"https:\/\/astrostrona.pl\/narzedzia-i-pomoce\/mapa-ksiezyca\/\">Mapa Ksi\u0119\u017cyca z polskimi nazwami<\/a><\/li><\/ul>\n<div class=\"pvc_clear\"><\/div><p id=\"pvc_stats_717\" class=\"pvc_stats total_only  \" data-element-id=\"717\" style=\"\"><i class=\"pvc-stats-icon small\" aria-hidden=\"true\"><svg xmlns=\"http:\/\/www.w3.org\/2000\/svg\" version=\"1.0\" viewBox=\"0 0 502 315\" preserveAspectRatio=\"xMidYMid meet\"><g transform=\"translate(0,332) scale(0.1,-0.1)\" fill=\"\" stroke=\"none\"><path d=\"M2394 3279 l-29 -30 -3 -207 c-2 -182 0 -211 15 -242 39 -76 157 -76 196 0 15 31 17 60 15 243 l-3 209 -33 29 c-26 23 -41 29 -80 29 -41 0 -53 -5 -78 -31z\"\/><path d=\"M3085 3251 c-45 -19 -58 -50 -96 -229 -47 -217 -49 -260 -13 -295 52 -53 146 -42 177 20 16 31 87 366 87 410 0 70 -86 122 -155 94z\"\/><path d=\"M1751 3234 c-13 -9 -29 -31 -37 -50 -12 -29 -10 -49 21 -204 19 -94 39 -189 45 -210 14 -50 54 -80 110 -80 34 0 48 6 76 34 21 21 34 44 34 59 0 14 -18 113 -40 219 -37 178 -43 195 -70 221 -36 32 -101 37 -139 11z\"\/><path d=\"M1163 3073 c-36 -7 -73 -59 -73 -102 0 -56 133 -378 171 -413 34 -32 83 -37 129 -13 70 36 67 87 -16 290 -86 209 -89 214 -129 231 -35 14 -42 15 -82 7z\"\/><path d=\"M3689 3066 c-15 -9 -33 -30 -42 -48 -48 -103 -147 -355 -147 -375 0 -98 131 -148 192 -74 13 15 57 108 97 206 80 196 84 226 37 273 -30 30 -99 39 -137 18z\"\/><path d=\"M583 2784 c-38 -19 -67 -74 -58 -113 9 -42 211 -354 242 -373 16 -10 45 -18 66 -18 51 0 107 52 107 100 0 39 -1 41 -124 234 -80 126 -108 162 -133 173 -41 17 -61 16 -100 -3z\"\/><path d=\"M4250 2784 c-14 -9 -74 -91 -133 -183 -95 -150 -107 -173 -107 -213 0 -55 33 -94 87 -104 67 -13 90 8 211 198 130 202 137 225 78 284 -27 27 -42 34 -72 34 -22 0 -50 -8 -64 -16z\"\/><path d=\"M2275 2693 c-553 -48 -1095 -270 -1585 -649 -135 -104 -459 -423 -483 -476 -23 -49 -22 -139 2 -186 73 -142 361 -457 571 -626 285 -228 642 -407 990 -497 242 -63 336 -73 660 -74 310 0 370 5 595 52 535 111 1045 392 1455 803 122 121 250 273 275 326 19 41 19 137 0 174 -41 79 -309 363 -465 492 -447 370 -946 591 -1479 653 -113 14 -422 18 -536 8z m395 -428 c171 -34 330 -124 456 -258 112 -119 167 -219 211 -378 27 -96 24 -300 -5 -401 -72 -255 -236 -447 -474 -557 -132 -62 -201 -76 -368 -76 -167 0 -236 14 -368 76 -213 98 -373 271 -451 485 -162 444 86 934 547 1084 153 49 292 57 452 25z m909 -232 c222 -123 408 -262 593 -441 76 -74 138 -139 138 -144 0 -16 -233 -242 -330 -319 -155 -123 -309 -223 -461 -299 l-81 -41 32 46 c18 26 49 83 70 128 143 306 141 649 -6 957 -25 52 -61 116 -79 142 l-34 47 45 -20 c26 -10 76 -36 113 -56z m-2057 25 c-40 -58 -105 -190 -130 -263 -110 -324 -59 -707 132 -981 25 -35 42 -64 37 -64 -19 0 -241 119 -326 174 -188 122 -406 314 -532 468 l-58 71 108 103 c185 178 428 349 672 473 66 33 121 60 123 61 2 0 -10 -19 -26 -42z\"\/><path d=\"M2375 1950 c-198 -44 -350 -190 -395 -379 -18 -76 -8 -221 19 -290 114 -284 457 -406 731 -260 98 52 188 154 231 260 27 69 37 214 19 290 -38 163 -166 304 -326 360 -67 23 -215 33 -279 19z\"\/><\/g><\/svg><\/i> <img loading=\"lazy\" decoding=\"async\" width=\"16\" height=\"16\" alt=\"Loading\" src=\"https:\/\/astrostrona.pl\/wp-content\/plugins\/page-views-count\/ajax-loader-2x.gif\" border=0 \/><\/p><div class=\"pvc_clear\"><\/div>","protected":false},"excerpt":{"rendered":"<p>Nazwy rodzajowe Catena \u0141a\u0144cuch Dorsum (dorsa) Grzbiet Fossa (fossae) Uskok Lacus Jezioro Mare Morze Mons (montes) G\u00f3ra Oceanus Ocean Palus Bagno Planitia R\u00f3wnina Promontorium Przyl\u0105dek&hellip; <\/p>\n<div class=\"pvc_clear\"><\/div>\n<p id=\"pvc_stats_717\" class=\"pvc_stats total_only  \" data-element-id=\"717\" style=\"\"><i class=\"pvc-stats-icon small\" aria-hidden=\"true\"><svg xmlns=\"http:\/\/www.w3.org\/2000\/svg\" version=\"1.0\" viewBox=\"0 0 502 315\" preserveAspectRatio=\"xMidYMid meet\"><g transform=\"translate(0,332) scale(0.1,-0.1)\" fill=\"\" stroke=\"none\"><path d=\"M2394 3279 l-29 -30 -3 -207 c-2 -182 0 -211 15 -242 39 -76 157 -76 196 0 15 31 17 60 15 243 l-3 209 -33 29 c-26 23 -41 29 -80 29 -41 0 -53 -5 -78 -31z\"\/><path d=\"M3085 3251 c-45 -19 -58 -50 -96 -229 -47 -217 -49 -260 -13 -295 52 -53 146 -42 177 20 16 31 87 366 87 410 0 70 -86 122 -155 94z\"\/><path d=\"M1751 3234 c-13 -9 -29 -31 -37 -50 -12 -29 -10 -49 21 -204 19 -94 39 -189 45 -210 14 -50 54 -80 110 -80 34 0 48 6 76 34 21 21 34 44 34 59 0 14 -18 113 -40 219 -37 178 -43 195 -70 221 -36 32 -101 37 -139 11z\"\/><path d=\"M1163 3073 c-36 -7 -73 -59 -73 -102 0 -56 133 -378 171 -413 34 -32 83 -37 129 -13 70 36 67 87 -16 290 -86 209 -89 214 -129 231 -35 14 -42 15 -82 7z\"\/><path d=\"M3689 3066 c-15 -9 -33 -30 -42 -48 -48 -103 -147 -355 -147 -375 0 -98 131 -148 192 -74 13 15 57 108 97 206 80 196 84 226 37 273 -30 30 -99 39 -137 18z\"\/><path d=\"M583 2784 c-38 -19 -67 -74 -58 -113 9 -42 211 -354 242 -373 16 -10 45 -18 66 -18 51 0 107 52 107 100 0 39 -1 41 -124 234 -80 126 -108 162 -133 173 -41 17 -61 16 -100 -3z\"\/><path d=\"M4250 2784 c-14 -9 -74 -91 -133 -183 -95 -150 -107 -173 -107 -213 0 -55 33 -94 87 -104 67 -13 90 8 211 198 130 202 137 225 78 284 -27 27 -42 34 -72 34 -22 0 -50 -8 -64 -16z\"\/><path d=\"M2275 2693 c-553 -48 -1095 -270 -1585 -649 -135 -104 -459 -423 -483 -476 -23 -49 -22 -139 2 -186 73 -142 361 -457 571 -626 285 -228 642 -407 990 -497 242 -63 336 -73 660 -74 310 0 370 5 595 52 535 111 1045 392 1455 803 122 121 250 273 275 326 19 41 19 137 0 174 -41 79 -309 363 -465 492 -447 370 -946 591 -1479 653 -113 14 -422 18 -536 8z m395 -428 c171 -34 330 -124 456 -258 112 -119 167 -219 211 -378 27 -96 24 -300 -5 -401 -72 -255 -236 -447 -474 -557 -132 -62 -201 -76 -368 -76 -167 0 -236 14 -368 76 -213 98 -373 271 -451 485 -162 444 86 934 547 1084 153 49 292 57 452 25z m909 -232 c222 -123 408 -262 593 -441 76 -74 138 -139 138 -144 0 -16 -233 -242 -330 -319 -155 -123 -309 -223 -461 -299 l-81 -41 32 46 c18 26 49 83 70 128 143 306 141 649 -6 957 -25 52 -61 116 -79 142 l-34 47 45 -20 c26 -10 76 -36 113 -56z m-2057 25 c-40 -58 -105 -190 -130 -263 -110 -324 -59 -707 132 -981 25 -35 42 -64 37 -64 -19 0 -241 119 -326 174 -188 122 -406 314 -532 468 l-58 71 108 103 c185 178 428 349 672 473 66 33 121 60 123 61 2 0 -10 -19 -26 -42z\"\/><path d=\"M2375 1950 c-198 -44 -350 -190 -395 -379 -18 -76 -8 -221 19 -290 114 -284 457 -406 731 -260 98 52 188 154 231 260 27 69 37 214 19 290 -38 163 -166 304 -326 360 -67 23 -215 33 -279 19z\"\/><\/g><\/svg><\/i> <img loading=\"lazy\" decoding=\"async\" width=\"16\" height=\"16\" alt=\"Loading\" src=\"https:\/\/astrostrona.pl\/wp-content\/plugins\/page-views-count\/ajax-loader-2x.gif\" border=0 \/><\/p>\n<div class=\"pvc_clear\"><\/div>\n","protected":false},"author":2,"featured_media":744,"parent":701,"menu_order":0,"comment_status":"closed","ping_status":"closed","template":"","meta":{"inline_featured_image":false,"footnotes":""},"yoast_head":"<!-- This site is optimized with the Yoast SEO plugin v18.7 - https:\/\/yoast.com\/wordpress\/plugins\/seo\/ -->\n<title>Formacje ksi\u0119\u017cycowe \u2013 s\u0142ownik \u0142aci\u0144sko-polski - astrostrona.pl<\/title>\n<meta name=\"robots\" content=\"index, follow, max-snippet:-1, max-image-preview:large, max-video-preview:-1\" \/>\n<link rel=\"canonical\" href=\"https:\/\/astrostrona.pl\/narzedzia-i-pomoce\/astronomiczny-slownik-lacinski\/formacje-ksiezycowe-slownik-lacinsko-polski\/\" \/>\n<meta property=\"og:locale\" content=\"pl_PL\" \/>\n<meta property=\"og:type\" content=\"article\" \/>\n<meta property=\"og:title\" content=\"Formacje ksi\u0119\u017cycowe \u2013 s\u0142ownik \u0142aci\u0144sko-polski - astrostrona.pl\" \/>\n<meta property=\"og:description\" content=\"Nazwy rodzajowe Catena \u0141a\u0144cuch Dorsum (dorsa) Grzbiet Fossa (fossae) Uskok Lacus Jezioro Mare Morze Mons (montes) G\u00f3ra Oceanus Ocean Palus Bagno Planitia R\u00f3wnina Promontorium Przyl\u0105dek&hellip;\" \/>\n<meta property=\"og:url\" content=\"https:\/\/astrostrona.pl\/narzedzia-i-pomoce\/astronomiczny-slownik-lacinski\/formacje-ksiezycowe-slownik-lacinsko-polski\/\" \/>\n<meta property=\"og:site_name\" content=\"astrostrona.pl\" \/>\n<meta property=\"article:publisher\" content=\"https:\/\/www.facebook.com\/Astrostrona-113951687113999\" \/>\n<meta property=\"article:modified_time\" content=\"2020-09-25T20:13:01+00:00\" \/>\n<meta property=\"og:image\" content=\"https:\/\/astrostrona.pl\/wp-content\/uploads\/2020\/09\/Moon_Map_-_Northern_polar_region_-_LPC1_-_NASA-male.jpg\" \/>\n\t<meta property=\"og:image:width\" content=\"800\" \/>\n\t<meta property=\"og:image:height\" content=\"803\" \/>\n\t<meta property=\"og:image:type\" content=\"image\/jpeg\" \/>\n<meta name=\"twitter:card\" content=\"summary_large_image\" \/>\n<meta name=\"twitter:site\" content=\"@astrostrona\" \/>\n<meta name=\"twitter:label1\" content=\"Szacowany czas czytania\" \/>\n\t<meta name=\"twitter:data1\" content=\"1 minuta\" \/>\n<script type=\"application\/ld+json\" class=\"yoast-schema-graph\">{\"@context\":\"https:\/\/schema.org\",\"@graph\":[{\"@type\":\"Organization\",\"@id\":\"https:\/\/astrostrona.pl\/#organization\",\"name\":\"astrostrona.pl\",\"url\":\"https:\/\/astrostrona.pl\/\",\"sameAs\":[\"https:\/\/www.facebook.com\/Astrostrona-113951687113999\",\"https:\/\/www.instagram.com\/astrostrona\/\",\"https:\/\/twitter.com\/astrostrona\"],\"logo\":{\"@type\":\"ImageObject\",\"inLanguage\":\"pl-PL\",\"@id\":\"https:\/\/astrostrona.pl\/#\/schema\/logo\/image\/\",\"url\":\"https:\/\/astrostrona.pl\/wp-content\/uploads\/2020\/09\/logo-BIALE-TLO.svg\",\"contentUrl\":\"https:\/\/astrostrona.pl\/wp-content\/uploads\/2020\/09\/logo-BIALE-TLO.svg\",\"width\":900,\"height\":300,\"caption\":\"astrostrona.pl\"},\"image\":{\"@id\":\"https:\/\/astrostrona.pl\/#\/schema\/logo\/image\/\"}},{\"@type\":\"WebSite\",\"@id\":\"https:\/\/astrostrona.pl\/#website\",\"url\":\"https:\/\/astrostrona.pl\/\",\"name\":\"astrostrona.pl\",\"description\":\"Obserwacje, znaleziska i wykopaliska\",\"publisher\":{\"@id\":\"https:\/\/astrostrona.pl\/#organization\"},\"potentialAction\":[{\"@type\":\"SearchAction\",\"target\":{\"@type\":\"EntryPoint\",\"urlTemplate\":\"https:\/\/astrostrona.pl\/?s={search_term_string}\"},\"query-input\":\"required name=search_term_string\"}],\"inLanguage\":\"pl-PL\"},{\"@type\":\"ImageObject\",\"inLanguage\":\"pl-PL\",\"@id\":\"https:\/\/astrostrona.pl\/narzedzia-i-pomoce\/astronomiczny-slownik-lacinski\/formacje-ksiezycowe-slownik-lacinsko-polski\/#primaryimage\",\"url\":\"https:\/\/astrostrona.pl\/wp-content\/uploads\/2020\/09\/Moon_Map_-_Northern_polar_region_-_LPC1_-_NASA-male.jpg\",\"contentUrl\":\"https:\/\/astrostrona.pl\/wp-content\/uploads\/2020\/09\/Moon_Map_-_Northern_polar_region_-_LPC1_-_NASA-male.jpg\",\"width\":800,\"height\":803,\"caption\":\"Mapa Ksi\u0119\u017cyca\"},{\"@type\":\"WebPage\",\"@id\":\"https:\/\/astrostrona.pl\/narzedzia-i-pomoce\/astronomiczny-slownik-lacinski\/formacje-ksiezycowe-slownik-lacinsko-polski\/#webpage\",\"url\":\"https:\/\/astrostrona.pl\/narzedzia-i-pomoce\/astronomiczny-slownik-lacinski\/formacje-ksiezycowe-slownik-lacinsko-polski\/\",\"name\":\"Formacje ksi\u0119\u017cycowe \u2013 s\u0142ownik \u0142aci\u0144sko-polski - astrostrona.pl\",\"isPartOf\":{\"@id\":\"https:\/\/astrostrona.pl\/#website\"},\"primaryImageOfPage\":{\"@id\":\"https:\/\/astrostrona.pl\/narzedzia-i-pomoce\/astronomiczny-slownik-lacinski\/formacje-ksiezycowe-slownik-lacinsko-polski\/#primaryimage\"},\"datePublished\":\"2020-09-15T11:36:56+00:00\",\"dateModified\":\"2020-09-25T20:13:01+00:00\",\"breadcrumb\":{\"@id\":\"https:\/\/astrostrona.pl\/narzedzia-i-pomoce\/astronomiczny-slownik-lacinski\/formacje-ksiezycowe-slownik-lacinsko-polski\/#breadcrumb\"},\"inLanguage\":\"pl-PL\",\"potentialAction\":[{\"@type\":\"ReadAction\",\"target\":[\"https:\/\/astrostrona.pl\/narzedzia-i-pomoce\/astronomiczny-slownik-lacinski\/formacje-ksiezycowe-slownik-lacinsko-polski\/\"]}]},{\"@type\":\"BreadcrumbList\",\"@id\":\"https:\/\/astrostrona.pl\/narzedzia-i-pomoce\/astronomiczny-slownik-lacinski\/formacje-ksiezycowe-slownik-lacinsko-polski\/#breadcrumb\",\"itemListElement\":[{\"@type\":\"ListItem\",\"position\":1,\"name\":\"Strona g\u0142\u00f3wna\",\"item\":\"https:\/\/astrostrona.pl\/\"},{\"@type\":\"ListItem\",\"position\":2,\"name\":\"Narz\u0119dzia i pomoce\",\"item\":\"https:\/\/astrostrona.pl\/narzedzia-i-pomoce\/\"},{\"@type\":\"ListItem\",\"position\":3,\"name\":\"Astronomiczny s\u0142ownik \u0142aci\u0144ski\",\"item\":\"https:\/\/astrostrona.pl\/narzedzia-i-pomoce\/astronomiczny-slownik-lacinski\/\"},{\"@type\":\"ListItem\",\"position\":4,\"name\":\"Formacje ksi\u0119\u017cycowe \u2013 s\u0142ownik \u0142aci\u0144sko-polski\"}]}]}<\/script>\n<!-- \/ Yoast SEO plugin. -->","yoast_head_json":{"title":"Formacje ksi\u0119\u017cycowe \u2013 s\u0142ownik \u0142aci\u0144sko-polski - astrostrona.pl","robots":{"index":"index","follow":"follow","max-snippet":"max-snippet:-1","max-image-preview":"max-image-preview:large","max-video-preview":"max-video-preview:-1"},"canonical":"https:\/\/astrostrona.pl\/narzedzia-i-pomoce\/astronomiczny-slownik-lacinski\/formacje-ksiezycowe-slownik-lacinsko-polski\/","og_locale":"pl_PL","og_type":"article","og_title":"Formacje ksi\u0119\u017cycowe \u2013 s\u0142ownik \u0142aci\u0144sko-polski - astrostrona.pl","og_description":"Nazwy rodzajowe Catena \u0141a\u0144cuch Dorsum (dorsa) Grzbiet Fossa (fossae) Uskok Lacus Jezioro Mare Morze Mons (montes) G\u00f3ra Oceanus Ocean Palus Bagno Planitia R\u00f3wnina Promontorium Przyl\u0105dek&hellip;","og_url":"https:\/\/astrostrona.pl\/narzedzia-i-pomoce\/astronomiczny-slownik-lacinski\/formacje-ksiezycowe-slownik-lacinsko-polski\/","og_site_name":"astrostrona.pl","article_publisher":"https:\/\/www.facebook.com\/Astrostrona-113951687113999","article_modified_time":"2020-09-25T20:13:01+00:00","og_image":[{"width":800,"height":803,"url":"https:\/\/astrostrona.pl\/wp-content\/uploads\/2020\/09\/Moon_Map_-_Northern_polar_region_-_LPC1_-_NASA-male.jpg","type":"image\/jpeg"}],"twitter_card":"summary_large_image","twitter_site":"@astrostrona","twitter_misc":{"Szacowany czas czytania":"1 minuta"},"schema":{"@context":"https:\/\/schema.org","@graph":[{"@type":"Organization","@id":"https:\/\/astrostrona.pl\/#organization","name":"astrostrona.pl","url":"https:\/\/astrostrona.pl\/","sameAs":["https:\/\/www.facebook.com\/Astrostrona-113951687113999","https:\/\/www.instagram.com\/astrostrona\/","https:\/\/twitter.com\/astrostrona"],"logo":{"@type":"ImageObject","inLanguage":"pl-PL","@id":"https:\/\/astrostrona.pl\/#\/schema\/logo\/image\/","url":"https:\/\/astrostrona.pl\/wp-content\/uploads\/2020\/09\/logo-BIALE-TLO.svg","contentUrl":"https:\/\/astrostrona.pl\/wp-content\/uploads\/2020\/09\/logo-BIALE-TLO.svg","width":900,"height":300,"caption":"astrostrona.pl"},"image":{"@id":"https:\/\/astrostrona.pl\/#\/schema\/logo\/image\/"}},{"@type":"WebSite","@id":"https:\/\/astrostrona.pl\/#website","url":"https:\/\/astrostrona.pl\/","name":"astrostrona.pl","description":"Obserwacje, znaleziska i wykopaliska","publisher":{"@id":"https:\/\/astrostrona.pl\/#organization"},"potentialAction":[{"@type":"SearchAction","target":{"@type":"EntryPoint","urlTemplate":"https:\/\/astrostrona.pl\/?s={search_term_string}"},"query-input":"required name=search_term_string"}],"inLanguage":"pl-PL"},{"@type":"ImageObject","inLanguage":"pl-PL","@id":"https:\/\/astrostrona.pl\/narzedzia-i-pomoce\/astronomiczny-slownik-lacinski\/formacje-ksiezycowe-slownik-lacinsko-polski\/#primaryimage","url":"https:\/\/astrostrona.pl\/wp-content\/uploads\/2020\/09\/Moon_Map_-_Northern_polar_region_-_LPC1_-_NASA-male.jpg","contentUrl":"https:\/\/astrostrona.pl\/wp-content\/uploads\/2020\/09\/Moon_Map_-_Northern_polar_region_-_LPC1_-_NASA-male.jpg","width":800,"height":803,"caption":"Mapa Ksi\u0119\u017cyca"},{"@type":"WebPage","@id":"https:\/\/astrostrona.pl\/narzedzia-i-pomoce\/astronomiczny-slownik-lacinski\/formacje-ksiezycowe-slownik-lacinsko-polski\/#webpage","url":"https:\/\/astrostrona.pl\/narzedzia-i-pomoce\/astronomiczny-slownik-lacinski\/formacje-ksiezycowe-slownik-lacinsko-polski\/","name":"Formacje ksi\u0119\u017cycowe \u2013 s\u0142ownik \u0142aci\u0144sko-polski - astrostrona.pl","isPartOf":{"@id":"https:\/\/astrostrona.pl\/#website"},"primaryImageOfPage":{"@id":"https:\/\/astrostrona.pl\/narzedzia-i-pomoce\/astronomiczny-slownik-lacinski\/formacje-ksiezycowe-slownik-lacinsko-polski\/#primaryimage"},"datePublished":"2020-09-15T11:36:56+00:00","dateModified":"2020-09-25T20:13:01+00:00","breadcrumb":{"@id":"https:\/\/astrostrona.pl\/narzedzia-i-pomoce\/astronomiczny-slownik-lacinski\/formacje-ksiezycowe-slownik-lacinsko-polski\/#breadcrumb"},"inLanguage":"pl-PL","potentialAction":[{"@type":"ReadAction","target":["https:\/\/astrostrona.pl\/narzedzia-i-pomoce\/astronomiczny-slownik-lacinski\/formacje-ksiezycowe-slownik-lacinsko-polski\/"]}]},{"@type":"BreadcrumbList","@id":"https:\/\/astrostrona.pl\/narzedzia-i-pomoce\/astronomiczny-slownik-lacinski\/formacje-ksiezycowe-slownik-lacinsko-polski\/#breadcrumb","itemListElement":[{"@type":"ListItem","position":1,"name":"Strona g\u0142\u00f3wna","item":"https:\/\/astrostrona.pl\/"},{"@type":"ListItem","position":2,"name":"Narz\u0119dzia i pomoce","item":"https:\/\/astrostrona.pl\/narzedzia-i-pomoce\/"},{"@type":"ListItem","position":3,"name":"Astronomiczny s\u0142ownik \u0142aci\u0144ski","item":"https:\/\/astrostrona.pl\/narzedzia-i-pomoce\/astronomiczny-slownik-lacinski\/"},{"@type":"ListItem","position":4,"name":"Formacje ksi\u0119\u017cycowe \u2013 s\u0142ownik \u0142aci\u0144sko-polski"}]}]}},"_links":{"self":[{"href":"https:\/\/astrostrona.pl\/index.php?rest_route=\/wp\/v2\/pages\/717"}],"collection":[{"href":"https:\/\/astrostrona.pl\/index.php?rest_route=\/wp\/v2\/pages"}],"about":[{"href":"https:\/\/astrostrona.pl\/index.php?rest_route=\/wp\/v2\/types\/page"}],"author":[{"embeddable":true,"href":"https:\/\/astrostrona.pl\/index.php?rest_route=\/wp\/v2\/users\/2"}],"replies":[{"embeddable":true,"href":"https:\/\/astrostrona.pl\/index.php?rest_route=%2Fwp%2Fv2%2Fcomments&post=717"}],"version-history":[{"count":0,"href":"https:\/\/astrostrona.pl\/index.php?rest_route=\/wp\/v2\/pages\/717\/revisions"}],"up":[{"embeddable":true,"href":"https:\/\/astrostrona.pl\/index.php?rest_route=\/wp\/v2\/pages\/701"}],"wp:featuredmedia":[{"embeddable":true,"href":"https:\/\/astrostrona.pl\/index.php?rest_route=\/wp\/v2\/media\/744"}],"wp:attachment":[{"href":"https:\/\/astrostrona.pl\/index.php?rest_route=%2Fwp%2Fv2%2Fmedia&parent=717"}],"curies":[{"name":"wp","href":"https:\/\/api.w.org\/{rel}","templated":true}]}}