
{"id":694,"date":"2020-09-15T12:52:06","date_gmt":"2020-09-15T10:52:06","guid":{"rendered":"https:\/\/astrostrona.pl\/?page_id=694"},"modified":"2024-04-07T16:41:47","modified_gmt":"2024-04-07T14:41:47","slug":"narzedzia-i-pomoce","status":"publish","type":"page","link":"https:\/\/astrostrona.pl\/?page_id=694","title":{"rendered":"Narz\u0119dzia i pomoce"},"content":{"rendered":"\n<h2 class=\"wp-block-heading\"><a href=\"https:\/\/astrostrona.pl\/narzedzia-i-pomoce\/mapa-ksiezyca\/\">Mapa Ksi\u0119\u017cyca po polsku<\/a><\/h2>\n\n\n<div class=\"wp-block-image\">\n<figure class=\"alignright size-large is-resized\"><a href=\"https:\/\/astrostrona.pl\/narzedzia-i-pomoce\/mapa-ksiezyca\/\"><img loading=\"lazy\" decoding=\"async\" width=\"512\" height=\"726\" src=\"https:\/\/astrostrona.pl\/wp-content\/uploads\/2020\/09\/mapa-PDF-miniatura.png\" alt=\"mapa-PDF miniatura\" class=\"wp-image-1194\" style=\"width:256px;height:363px\" srcset=\"https:\/\/astrostrona.pl\/wp-content\/uploads\/2020\/09\/mapa-PDF-miniatura.png 512w, https:\/\/astrostrona.pl\/wp-content\/uploads\/2020\/09\/mapa-PDF-miniatura-212x300.png 212w\" sizes=\"(max-width: 512px) 100vw, 512px\" \/><\/a><\/figure><\/div>\n\n\n<p>Wygodna mapa w postaci pojedynczego pliku graficznego lub pliku PDF o wysokiej rozdzielczo\u015bci (nadaj\u0105cej si\u0119 do wydruku), uwzgl\u0119dniaj\u0105ca polskie nazwy formacji o charakterze m\u00f3rz (ocean, morza, jeziora, zatoki i bagna) oraz &#8222;polskie&#8221; kratery na Ksi\u0119\u017cycu. Map\u0119 mo\u017cesz pobra\u0107 i wykorzysta\u0107 na w\u0142asnej stronie. <a class=\"more-link\" href=\"https:\/\/astrostrona.pl\/narzedzia-i-pomoce\/mapa-ksiezyca\/\">Zobacz<\/a><\/p>\n\n\n\n<ul>\n<li><em>Also available in English version<\/em>: <a class=\"more-link\" href=\"https:\/\/astrostrona.pl\/moon-map\/\">Moon map with English names<\/a><\/li>\n<\/ul>\n\n\n\n<hr class=\"wp-block-separator has-css-opacity\"\/>\n\n\n\n<h2 class=\"wp-block-heading\"><a href=\"https:\/\/astrostrona.pl\/narzedzia-i-pomoce\/efemerydy-astronomiczne\/\">Efemerydy astronomiczne<\/a><\/h2>\n\n\n\n<p>S\u0142o\u0144ce, Ksi\u0119\u017cyc, planety, najbli\u017csze widoczne przeloty ISS&#8230; <a class=\"more-link\" href=\"https:\/\/astrostrona.pl\/narzedzia-i-pomoce\/efemerydy-astronomiczne\/\">Zobacz<\/a><\/p>\n\n\n\n<hr class=\"wp-block-separator has-css-opacity\"\/>\n\n\n\n<h2 class=\"wp-block-heading\"><a href=\"https:\/\/astrostrona.pl\/narzedzia-i-pomoce\/astronomiczna-prognoza-pogody-pyl-saharyjski\/\">Pogoda, warunki obserwacyjne, py\u0142<\/a><\/h2>\n\n\n\n<p>Py\u0142 saharyjski zagra\u017caj\u0105cy optyce, radar, zachmurzenie z podzia\u0142em na chmury niskie, \u015brednie i wysokie, mg\u0142a, temperatura, wilgotno\u015b\u0107, wiatr, widoczno\u015b\u0107&#8230; <a class=\"more-link\" href=\"https:\/\/astrostrona.pl\/narzedzia-i-pomoce\/astronomiczna-prognoza-pogody-pyl-saharyjski\/\">Zobacz<\/a><\/p>\n\n\n\n<hr class=\"wp-block-separator has-css-opacity\"\/>\n\n\n\n<h2 class=\"wp-block-heading\"><a href=\"https:\/\/astrostrona.pl\/narzedzia-i-pomoce\/slonce\/\">S\u0142o\u0144ce<\/a><\/h2>\n\n\n\n<p>Aktualny stan S\u0142o\u0144ca na zdj\u0119ciach w kilku zakresach widmowych wykonanych przez satelit\u0119 SDO oraz koronograf spektroskopowy sondy GEOS&#8230; <a class=\"more-link\" href=\"https:\/\/astrostrona.pl\/narzedzia-i-pomoce\/slonce\/\">Zobacz<\/a><\/p>\n\n\n\n<hr class=\"wp-block-separator has-css-opacity\"\/>\n\n\n\n<h2 class=\"wp-block-heading\"><a href=\"https:\/\/astrostrona.pl\/narzedzia-i-pomoce\/astronomiczny-slownik-lacinski\/\">Astronomiczny s\u0142ownik \u0142aci\u0144ski<\/a><\/h2>\n\n\n\n<ul>\n<li><strong>Gwiazdozbiory<\/strong> &#8211; s\u0142ownik polsko-\u0142aci\u0144ski &#8211; <a class=\"more-link\" href=\"https:\/\/astrostrona.pl\/narzedzia-i-pomoce\/astronomiczny-slownik-lacinski\/gwiazdozbiory-slownik-polsko-lacinski\/\">Zobacz<\/a><\/li>\n\n\n\n<li><strong>Gwiazdozbiory<\/strong> &#8211; s\u0142ownik \u0142aci\u0144sko-polski &#8211; <a class=\"more-link\" href=\"https:\/\/astrostrona.pl\/narzedzia-i-pomoce\/astronomiczny-slownik-lacinski\/gwiazdozbiory-slownik-lacinsko-polski\/\">Zobacz<\/a><\/li>\n<\/ul>\n\n\n\n<ul id=\"block-fe7d9023-740d-470f-a9b5-7a2e12a8bf1e\">\n<li><strong>Formacje ksi\u0119\u017cycowe<\/strong> &#8211; s\u0142ownik polsko-\u0142aci\u0144ski &#8211; <a class=\"more-link\" href=\"https:\/\/astrostrona.pl\/narzedzia-i-pomoce\/astronomiczny-slownik-lacinski\/formacje-ksiezycowe-slownik-polsko-lacinski\/\">Zobacz<\/a><\/li>\n\n\n\n<li class=\"more-link\"><strong>Formacje ksi\u0119\u017cycowe<\/strong> &#8211; s\u0142ownik \u0142aci\u0144sko-polski &#8211; <a class=\"more-link\" href=\"https:\/\/astrostrona.pl\/narzedzia-i-pomoce\/astronomiczny-slownik-lacinski\/formacje-ksiezycowe-slownik-lacinsko-polski\/\">Zobacz<\/a><\/li>\n<\/ul>\n\n\n\n<hr class=\"wp-block-separator has-css-opacity\"\/>\n\n\n\n<h2 class=\"wp-block-heading\"><a href=\"https:\/\/astrostrona.pl\/narzedzia-i-pomoce\/solar-system-scope\/\">Solar System Scope<\/a><\/h2>\n\n\n\n<p>Tr\u00f3jwymiarowy, interaktywny model Uk\u0142adu S\u0142onecznego, planet, ksi\u0119\u017cyc\u00f3w &#8211; i nie tylko&#8230; Fajna zabawka na pochmurne noce&#8230; <a class=\"more-link\" href=\"https:\/\/astrostrona.pl\/narzedzia-i-pomoce\/solar-system-scope\/\">Zobacz<\/a><\/p>\n<div class=\"pvc_clear\"><\/div><p id=\"pvc_stats_694\" class=\"pvc_stats total_only  \" data-element-id=\"694\" style=\"\"><i class=\"pvc-stats-icon small\" aria-hidden=\"true\"><svg xmlns=\"http:\/\/www.w3.org\/2000\/svg\" version=\"1.0\" viewBox=\"0 0 502 315\" preserveAspectRatio=\"xMidYMid meet\"><g transform=\"translate(0,332) scale(0.1,-0.1)\" fill=\"\" stroke=\"none\"><path d=\"M2394 3279 l-29 -30 -3 -207 c-2 -182 0 -211 15 -242 39 -76 157 -76 196 0 15 31 17 60 15 243 l-3 209 -33 29 c-26 23 -41 29 -80 29 -41 0 -53 -5 -78 -31z\"\/><path d=\"M3085 3251 c-45 -19 -58 -50 -96 -229 -47 -217 -49 -260 -13 -295 52 -53 146 -42 177 20 16 31 87 366 87 410 0 70 -86 122 -155 94z\"\/><path d=\"M1751 3234 c-13 -9 -29 -31 -37 -50 -12 -29 -10 -49 21 -204 19 -94 39 -189 45 -210 14 -50 54 -80 110 -80 34 0 48 6 76 34 21 21 34 44 34 59 0 14 -18 113 -40 219 -37 178 -43 195 -70 221 -36 32 -101 37 -139 11z\"\/><path d=\"M1163 3073 c-36 -7 -73 -59 -73 -102 0 -56 133 -378 171 -413 34 -32 83 -37 129 -13 70 36 67 87 -16 290 -86 209 -89 214 -129 231 -35 14 -42 15 -82 7z\"\/><path d=\"M3689 3066 c-15 -9 -33 -30 -42 -48 -48 -103 -147 -355 -147 -375 0 -98 131 -148 192 -74 13 15 57 108 97 206 80 196 84 226 37 273 -30 30 -99 39 -137 18z\"\/><path d=\"M583 2784 c-38 -19 -67 -74 -58 -113 9 -42 211 -354 242 -373 16 -10 45 -18 66 -18 51 0 107 52 107 100 0 39 -1 41 -124 234 -80 126 -108 162 -133 173 -41 17 -61 16 -100 -3z\"\/><path d=\"M4250 2784 c-14 -9 -74 -91 -133 -183 -95 -150 -107 -173 -107 -213 0 -55 33 -94 87 -104 67 -13 90 8 211 198 130 202 137 225 78 284 -27 27 -42 34 -72 34 -22 0 -50 -8 -64 -16z\"\/><path d=\"M2275 2693 c-553 -48 -1095 -270 -1585 -649 -135 -104 -459 -423 -483 -476 -23 -49 -22 -139 2 -186 73 -142 361 -457 571 -626 285 -228 642 -407 990 -497 242 -63 336 -73 660 -74 310 0 370 5 595 52 535 111 1045 392 1455 803 122 121 250 273 275 326 19 41 19 137 0 174 -41 79 -309 363 -465 492 -447 370 -946 591 -1479 653 -113 14 -422 18 -536 8z m395 -428 c171 -34 330 -124 456 -258 112 -119 167 -219 211 -378 27 -96 24 -300 -5 -401 -72 -255 -236 -447 -474 -557 -132 -62 -201 -76 -368 -76 -167 0 -236 14 -368 76 -213 98 -373 271 -451 485 -162 444 86 934 547 1084 153 49 292 57 452 25z m909 -232 c222 -123 408 -262 593 -441 76 -74 138 -139 138 -144 0 -16 -233 -242 -330 -319 -155 -123 -309 -223 -461 -299 l-81 -41 32 46 c18 26 49 83 70 128 143 306 141 649 -6 957 -25 52 -61 116 -79 142 l-34 47 45 -20 c26 -10 76 -36 113 -56z m-2057 25 c-40 -58 -105 -190 -130 -263 -110 -324 -59 -707 132 -981 25 -35 42 -64 37 -64 -19 0 -241 119 -326 174 -188 122 -406 314 -532 468 l-58 71 108 103 c185 178 428 349 672 473 66 33 121 60 123 61 2 0 -10 -19 -26 -42z\"\/><path d=\"M2375 1950 c-198 -44 -350 -190 -395 -379 -18 -76 -8 -221 19 -290 114 -284 457 -406 731 -260 98 52 188 154 231 260 27 69 37 214 19 290 -38 163 -166 304 -326 360 -67 23 -215 33 -279 19z\"\/><\/g><\/svg><\/i> <img loading=\"lazy\" decoding=\"async\" width=\"16\" height=\"16\" alt=\"Loading\" src=\"https:\/\/astrostrona.pl\/wp-content\/plugins\/page-views-count\/ajax-loader-2x.gif\" border=0 \/><\/p><div class=\"pvc_clear\"><\/div>","protected":false},"excerpt":{"rendered":"<p>Mapa Ksi\u0119\u017cyca po polsku Wygodna mapa w postaci pojedynczego pliku graficznego lub pliku PDF o wysokiej rozdzielczo\u015bci (nadaj\u0105cej si\u0119 do wydruku), uwzgl\u0119dniaj\u0105ca polskie nazwy formacji&hellip; <\/p>\n<div class=\"pvc_clear\"><\/div>\n<p id=\"pvc_stats_694\" class=\"pvc_stats total_only  \" data-element-id=\"694\" style=\"\"><i class=\"pvc-stats-icon small\" aria-hidden=\"true\"><svg xmlns=\"http:\/\/www.w3.org\/2000\/svg\" version=\"1.0\" viewBox=\"0 0 502 315\" preserveAspectRatio=\"xMidYMid meet\"><g transform=\"translate(0,332) scale(0.1,-0.1)\" fill=\"\" stroke=\"none\"><path d=\"M2394 3279 l-29 -30 -3 -207 c-2 -182 0 -211 15 -242 39 -76 157 -76 196 0 15 31 17 60 15 243 l-3 209 -33 29 c-26 23 -41 29 -80 29 -41 0 -53 -5 -78 -31z\"\/><path d=\"M3085 3251 c-45 -19 -58 -50 -96 -229 -47 -217 -49 -260 -13 -295 52 -53 146 -42 177 20 16 31 87 366 87 410 0 70 -86 122 -155 94z\"\/><path d=\"M1751 3234 c-13 -9 -29 -31 -37 -50 -12 -29 -10 -49 21 -204 19 -94 39 -189 45 -210 14 -50 54 -80 110 -80 34 0 48 6 76 34 21 21 34 44 34 59 0 14 -18 113 -40 219 -37 178 -43 195 -70 221 -36 32 -101 37 -139 11z\"\/><path d=\"M1163 3073 c-36 -7 -73 -59 -73 -102 0 -56 133 -378 171 -413 34 -32 83 -37 129 -13 70 36 67 87 -16 290 -86 209 -89 214 -129 231 -35 14 -42 15 -82 7z\"\/><path d=\"M3689 3066 c-15 -9 -33 -30 -42 -48 -48 -103 -147 -355 -147 -375 0 -98 131 -148 192 -74 13 15 57 108 97 206 80 196 84 226 37 273 -30 30 -99 39 -137 18z\"\/><path d=\"M583 2784 c-38 -19 -67 -74 -58 -113 9 -42 211 -354 242 -373 16 -10 45 -18 66 -18 51 0 107 52 107 100 0 39 -1 41 -124 234 -80 126 -108 162 -133 173 -41 17 -61 16 -100 -3z\"\/><path d=\"M4250 2784 c-14 -9 -74 -91 -133 -183 -95 -150 -107 -173 -107 -213 0 -55 33 -94 87 -104 67 -13 90 8 211 198 130 202 137 225 78 284 -27 27 -42 34 -72 34 -22 0 -50 -8 -64 -16z\"\/><path d=\"M2275 2693 c-553 -48 -1095 -270 -1585 -649 -135 -104 -459 -423 -483 -476 -23 -49 -22 -139 2 -186 73 -142 361 -457 571 -626 285 -228 642 -407 990 -497 242 -63 336 -73 660 -74 310 0 370 5 595 52 535 111 1045 392 1455 803 122 121 250 273 275 326 19 41 19 137 0 174 -41 79 -309 363 -465 492 -447 370 -946 591 -1479 653 -113 14 -422 18 -536 8z m395 -428 c171 -34 330 -124 456 -258 112 -119 167 -219 211 -378 27 -96 24 -300 -5 -401 -72 -255 -236 -447 -474 -557 -132 -62 -201 -76 -368 -76 -167 0 -236 14 -368 76 -213 98 -373 271 -451 485 -162 444 86 934 547 1084 153 49 292 57 452 25z m909 -232 c222 -123 408 -262 593 -441 76 -74 138 -139 138 -144 0 -16 -233 -242 -330 -319 -155 -123 -309 -223 -461 -299 l-81 -41 32 46 c18 26 49 83 70 128 143 306 141 649 -6 957 -25 52 -61 116 -79 142 l-34 47 45 -20 c26 -10 76 -36 113 -56z m-2057 25 c-40 -58 -105 -190 -130 -263 -110 -324 -59 -707 132 -981 25 -35 42 -64 37 -64 -19 0 -241 119 -326 174 -188 122 -406 314 -532 468 l-58 71 108 103 c185 178 428 349 672 473 66 33 121 60 123 61 2 0 -10 -19 -26 -42z\"\/><path d=\"M2375 1950 c-198 -44 -350 -190 -395 -379 -18 -76 -8 -221 19 -290 114 -284 457 -406 731 -260 98 52 188 154 231 260 27 69 37 214 19 290 -38 163 -166 304 -326 360 -67 23 -215 33 -279 19z\"\/><\/g><\/svg><\/i> <img loading=\"lazy\" decoding=\"async\" width=\"16\" height=\"16\" alt=\"Loading\" src=\"https:\/\/astrostrona.pl\/wp-content\/plugins\/page-views-count\/ajax-loader-2x.gif\" border=0 \/><\/p>\n<div class=\"pvc_clear\"><\/div>\n","protected":false},"author":2,"featured_media":0,"parent":0,"menu_order":0,"comment_status":"closed","ping_status":"closed","template":"","meta":{"inline_featured_image":false,"footnotes":""},"yoast_head":"<!-- This site is optimized with the Yoast SEO plugin v18.7 - https:\/\/yoast.com\/wordpress\/plugins\/seo\/ -->\n<title>Narz\u0119dzia i pomoce - astrostrona.pl<\/title>\n<meta name=\"robots\" content=\"index, follow, max-snippet:-1, max-image-preview:large, max-video-preview:-1\" \/>\n<link rel=\"canonical\" href=\"https:\/\/astrostrona.pl\/narzedzia-i-pomoce\/\" \/>\n<meta property=\"og:locale\" content=\"pl_PL\" \/>\n<meta property=\"og:type\" content=\"article\" \/>\n<meta property=\"og:title\" content=\"Narz\u0119dzia i pomoce - astrostrona.pl\" \/>\n<meta property=\"og:description\" content=\"Mapa Ksi\u0119\u017cyca po polsku Wygodna mapa w postaci pojedynczego pliku graficznego lub pliku PDF o wysokiej rozdzielczo\u015bci (nadaj\u0105cej si\u0119 do wydruku), uwzgl\u0119dniaj\u0105ca polskie nazwy formacji&hellip;\" \/>\n<meta property=\"og:url\" content=\"https:\/\/astrostrona.pl\/narzedzia-i-pomoce\/\" \/>\n<meta property=\"og:site_name\" content=\"astrostrona.pl\" \/>\n<meta property=\"article:publisher\" content=\"https:\/\/www.facebook.com\/Astrostrona-113951687113999\" \/>\n<meta property=\"article:modified_time\" content=\"2024-04-07T14:41:47+00:00\" \/>\n<meta property=\"og:image\" content=\"https:\/\/astrostrona.pl\/wp-content\/uploads\/2020\/09\/mapa-PDF-miniatura.png\" \/>\n<meta name=\"twitter:card\" content=\"summary_large_image\" \/>\n<meta name=\"twitter:site\" content=\"@astrostrona\" \/>\n<meta name=\"twitter:label1\" content=\"Szacowany czas czytania\" \/>\n\t<meta name=\"twitter:data1\" content=\"1 minuta\" \/>\n<script type=\"application\/ld+json\" class=\"yoast-schema-graph\">{\"@context\":\"https:\/\/schema.org\",\"@graph\":[{\"@type\":\"Organization\",\"@id\":\"https:\/\/astrostrona.pl\/#organization\",\"name\":\"astrostrona.pl\",\"url\":\"https:\/\/astrostrona.pl\/\",\"sameAs\":[\"https:\/\/www.facebook.com\/Astrostrona-113951687113999\",\"https:\/\/www.instagram.com\/astrostrona\/\",\"https:\/\/twitter.com\/astrostrona\"],\"logo\":{\"@type\":\"ImageObject\",\"inLanguage\":\"pl-PL\",\"@id\":\"https:\/\/astrostrona.pl\/#\/schema\/logo\/image\/\",\"url\":\"https:\/\/astrostrona.pl\/wp-content\/uploads\/2020\/09\/logo-BIALE-TLO.svg\",\"contentUrl\":\"https:\/\/astrostrona.pl\/wp-content\/uploads\/2020\/09\/logo-BIALE-TLO.svg\",\"width\":900,\"height\":300,\"caption\":\"astrostrona.pl\"},\"image\":{\"@id\":\"https:\/\/astrostrona.pl\/#\/schema\/logo\/image\/\"}},{\"@type\":\"WebSite\",\"@id\":\"https:\/\/astrostrona.pl\/#website\",\"url\":\"https:\/\/astrostrona.pl\/\",\"name\":\"astrostrona.pl\",\"description\":\"Obserwacje, znaleziska i wykopaliska\",\"publisher\":{\"@id\":\"https:\/\/astrostrona.pl\/#organization\"},\"potentialAction\":[{\"@type\":\"SearchAction\",\"target\":{\"@type\":\"EntryPoint\",\"urlTemplate\":\"https:\/\/astrostrona.pl\/?s={search_term_string}\"},\"query-input\":\"required name=search_term_string\"}],\"inLanguage\":\"pl-PL\"},{\"@type\":\"ImageObject\",\"inLanguage\":\"pl-PL\",\"@id\":\"https:\/\/astrostrona.pl\/narzedzia-i-pomoce\/#primaryimage\",\"url\":\"https:\/\/astrostrona.pl\/wp-content\/uploads\/2020\/09\/mapa-PDF-miniatura.png\",\"contentUrl\":\"https:\/\/astrostrona.pl\/wp-content\/uploads\/2020\/09\/mapa-PDF-miniatura.png\",\"width\":512,\"height\":726,\"caption\":\"mapa-PDF miniatura\"},{\"@type\":\"WebPage\",\"@id\":\"https:\/\/astrostrona.pl\/narzedzia-i-pomoce\/#webpage\",\"url\":\"https:\/\/astrostrona.pl\/narzedzia-i-pomoce\/\",\"name\":\"Narz\u0119dzia i pomoce - astrostrona.pl\",\"isPartOf\":{\"@id\":\"https:\/\/astrostrona.pl\/#website\"},\"primaryImageOfPage\":{\"@id\":\"https:\/\/astrostrona.pl\/narzedzia-i-pomoce\/#primaryimage\"},\"datePublished\":\"2020-09-15T10:52:06+00:00\",\"dateModified\":\"2024-04-07T14:41:47+00:00\",\"breadcrumb\":{\"@id\":\"https:\/\/astrostrona.pl\/narzedzia-i-pomoce\/#breadcrumb\"},\"inLanguage\":\"pl-PL\",\"potentialAction\":[{\"@type\":\"ReadAction\",\"target\":[\"https:\/\/astrostrona.pl\/narzedzia-i-pomoce\/\"]}]},{\"@type\":\"BreadcrumbList\",\"@id\":\"https:\/\/astrostrona.pl\/narzedzia-i-pomoce\/#breadcrumb\",\"itemListElement\":[{\"@type\":\"ListItem\",\"position\":1,\"name\":\"Strona g\u0142\u00f3wna\",\"item\":\"https:\/\/astrostrona.pl\/\"},{\"@type\":\"ListItem\",\"position\":2,\"name\":\"Narz\u0119dzia i pomoce\"}]}]}<\/script>\n<!-- \/ Yoast SEO plugin. -->","yoast_head_json":{"title":"Narz\u0119dzia i pomoce - astrostrona.pl","robots":{"index":"index","follow":"follow","max-snippet":"max-snippet:-1","max-image-preview":"max-image-preview:large","max-video-preview":"max-video-preview:-1"},"canonical":"https:\/\/astrostrona.pl\/narzedzia-i-pomoce\/","og_locale":"pl_PL","og_type":"article","og_title":"Narz\u0119dzia i pomoce - astrostrona.pl","og_description":"Mapa Ksi\u0119\u017cyca po polsku Wygodna mapa w postaci pojedynczego pliku graficznego lub pliku PDF o wysokiej rozdzielczo\u015bci (nadaj\u0105cej si\u0119 do wydruku), uwzgl\u0119dniaj\u0105ca polskie nazwy formacji&hellip;","og_url":"https:\/\/astrostrona.pl\/narzedzia-i-pomoce\/","og_site_name":"astrostrona.pl","article_publisher":"https:\/\/www.facebook.com\/Astrostrona-113951687113999","article_modified_time":"2024-04-07T14:41:47+00:00","og_image":[{"url":"https:\/\/astrostrona.pl\/wp-content\/uploads\/2020\/09\/mapa-PDF-miniatura.png"}],"twitter_card":"summary_large_image","twitter_site":"@astrostrona","twitter_misc":{"Szacowany czas czytania":"1 minuta"},"schema":{"@context":"https:\/\/schema.org","@graph":[{"@type":"Organization","@id":"https:\/\/astrostrona.pl\/#organization","name":"astrostrona.pl","url":"https:\/\/astrostrona.pl\/","sameAs":["https:\/\/www.facebook.com\/Astrostrona-113951687113999","https:\/\/www.instagram.com\/astrostrona\/","https:\/\/twitter.com\/astrostrona"],"logo":{"@type":"ImageObject","inLanguage":"pl-PL","@id":"https:\/\/astrostrona.pl\/#\/schema\/logo\/image\/","url":"https:\/\/astrostrona.pl\/wp-content\/uploads\/2020\/09\/logo-BIALE-TLO.svg","contentUrl":"https:\/\/astrostrona.pl\/wp-content\/uploads\/2020\/09\/logo-BIALE-TLO.svg","width":900,"height":300,"caption":"astrostrona.pl"},"image":{"@id":"https:\/\/astrostrona.pl\/#\/schema\/logo\/image\/"}},{"@type":"WebSite","@id":"https:\/\/astrostrona.pl\/#website","url":"https:\/\/astrostrona.pl\/","name":"astrostrona.pl","description":"Obserwacje, znaleziska i wykopaliska","publisher":{"@id":"https:\/\/astrostrona.pl\/#organization"},"potentialAction":[{"@type":"SearchAction","target":{"@type":"EntryPoint","urlTemplate":"https:\/\/astrostrona.pl\/?s={search_term_string}"},"query-input":"required name=search_term_string"}],"inLanguage":"pl-PL"},{"@type":"ImageObject","inLanguage":"pl-PL","@id":"https:\/\/astrostrona.pl\/narzedzia-i-pomoce\/#primaryimage","url":"https:\/\/astrostrona.pl\/wp-content\/uploads\/2020\/09\/mapa-PDF-miniatura.png","contentUrl":"https:\/\/astrostrona.pl\/wp-content\/uploads\/2020\/09\/mapa-PDF-miniatura.png","width":512,"height":726,"caption":"mapa-PDF miniatura"},{"@type":"WebPage","@id":"https:\/\/astrostrona.pl\/narzedzia-i-pomoce\/#webpage","url":"https:\/\/astrostrona.pl\/narzedzia-i-pomoce\/","name":"Narz\u0119dzia i pomoce - astrostrona.pl","isPartOf":{"@id":"https:\/\/astrostrona.pl\/#website"},"primaryImageOfPage":{"@id":"https:\/\/astrostrona.pl\/narzedzia-i-pomoce\/#primaryimage"},"datePublished":"2020-09-15T10:52:06+00:00","dateModified":"2024-04-07T14:41:47+00:00","breadcrumb":{"@id":"https:\/\/astrostrona.pl\/narzedzia-i-pomoce\/#breadcrumb"},"inLanguage":"pl-PL","potentialAction":[{"@type":"ReadAction","target":["https:\/\/astrostrona.pl\/narzedzia-i-pomoce\/"]}]},{"@type":"BreadcrumbList","@id":"https:\/\/astrostrona.pl\/narzedzia-i-pomoce\/#breadcrumb","itemListElement":[{"@type":"ListItem","position":1,"name":"Strona g\u0142\u00f3wna","item":"https:\/\/astrostrona.pl\/"},{"@type":"ListItem","position":2,"name":"Narz\u0119dzia i pomoce"}]}]}},"_links":{"self":[{"href":"https:\/\/astrostrona.pl\/index.php?rest_route=\/wp\/v2\/pages\/694"}],"collection":[{"href":"https:\/\/astrostrona.pl\/index.php?rest_route=\/wp\/v2\/pages"}],"about":[{"href":"https:\/\/astrostrona.pl\/index.php?rest_route=\/wp\/v2\/types\/page"}],"author":[{"embeddable":true,"href":"https:\/\/astrostrona.pl\/index.php?rest_route=\/wp\/v2\/users\/2"}],"replies":[{"embeddable":true,"href":"https:\/\/astrostrona.pl\/index.php?rest_route=%2Fwp%2Fv2%2Fcomments&post=694"}],"version-history":[{"count":0,"href":"https:\/\/astrostrona.pl\/index.php?rest_route=\/wp\/v2\/pages\/694\/revisions"}],"wp:attachment":[{"href":"https:\/\/astrostrona.pl\/index.php?rest_route=%2Fwp%2Fv2%2Fmedia&parent=694"}],"curies":[{"name":"wp","href":"https:\/\/api.w.org\/{rel}","templated":true}]}}