
{"id":3038,"date":"2021-06-19T13:04:28","date_gmt":"2021-06-19T11:04:28","guid":{"rendered":"https:\/\/astrostrona.pl\/?page_id=3038"},"modified":"2024-04-07T16:07:51","modified_gmt":"2024-04-07T14:07:51","slug":"astronomiczna-prognoza-pogody-pyl-saharyjski","status":"publish","type":"page","link":"https:\/\/astrostrona.pl\/?page_id=3038","title":{"rendered":"Pogoda, warunki obserwacyjne, py\u0142"},"content":{"rendered":"\n<p>St\u0119\u017cenie py\u0142\u00f3w obni\u017caj\u0105cych przejrzysto\u015b\u0107 powietrza i zagra\u017caj\u0105cych optyce. Na tej mapie wida\u0107 zasi\u0119g py\u0142u saharyjskiego docieraj\u0105cego coraz cz\u0119\u015bciej do Polski.<\/p>\n\n\n\n<h2 class=\"wp-block-heading\">Py\u0142:<\/h2>\n\n\n<p><iframe loading=\"lazy\" id=\"product-iframe\" width=\"1024\" height=\"500\" src=\"https:\/\/dust.aemet.es\/daily_dashboard\/?tab=forecast&#038;section=models\" frameborder=\"0\"><\/iframe><\/p>\n\n\n\n<p class=\"has-small-font-size\"><em>\u0179r\u00f3d\u0142o: <a href=\"https:\/\/dust.aemet.es\/\" target=\"_blank\" rel=\"noreferrer noopener\">WMO Barcelona Dust Regional Center<\/a><\/em><\/p>\n\n\n\n<p>Mapy pogodowe przedstawiaj\u0105 stan prognozy &#8222;na teraz&#8221;. Widoki dla kolejnych godzin i dni mo\u017cna uzyska\u0107 korzystaj\u0105c z ikony playera uruchamiaj\u0105cej animacj\u0119 lub r\u0119cznie, pos\u0142uguj\u0105c si\u0119 suwakiem post\u0119pu.<\/p>\n\n\n\n<p>Aby uzyska\u0107 mapki dla dodatkowych parametr\u00f3w pogodowych, nie uj\u0119tych na tej stronie, kliknij w tytu\u0142 dowolnej mapki widoczny w jej prawy g\u00f3rnym rogu. List\u0119 dost\u0119pnych warstw mo\u017cesz poszerzy\u0107 wybieraj\u0105c odno\u015bnik &#8222;Wi\u0119cej warstw&#8221;.<\/p>\n\n\n\n<h2 class=\"wp-block-heading\">Radar pogodowy:<\/h2>\n\n\n<p><iframe loading=\"lazy\" width=\"1024\" height=\"700\" src=\"https:\/\/embed.windy.com\/embed2.html?lat=51.890&amp;lon=19.292&amp;detailLat=51.891&amp;detailLon=19.300&amp;width=1024&amp;height=700&amp;zoom=6&amp;level=surface&amp;overlay=radar&amp;product=radar&amp;menu=&amp;message=true&amp;marker=&amp;calendar=now&amp;pressure=true&amp;type=map&amp;location=coordinates&amp;detail=true&amp;metricWind=km%2Fh&amp;metricTemp=%C2%B0C&amp;radarRange=-1\" frameborder=\"0\"><\/iframe><\/p>\n\n\n\n<h2 class=\"wp-block-heading\">Zachmurzenie:<\/h2>\n\n\n<p><iframe loading=\"lazy\" width=\"1024\" height=\"500\" src=\"https:\/\/embed.windy.com\/embed2.html?lat=51.891&amp;lon=19.300&amp;detailLat=51.891&amp;detailLon=19.300&amp;width=1024&amp;height=500&amp;zoom=6&amp;level=surface&amp;overlay=clouds&amp;product=ecmwf&amp;menu=&amp;message=true&amp;marker=&amp;calendar=now&amp;pressure=true&amp;type=map&amp;location=coordinates&amp;detail=&amp;metricWind=km%2Fh&amp;metricTemp=%C2%B0C&amp;radarRange=-1\" frameborder=\"0\"><\/iframe><\/p>\n\n\n\n<h2 class=\"wp-block-heading\">Chmury wysokie:<\/h2>\n\n\n<p><iframe loading=\"lazy\" width=\"1024\" height=\"500\" src=\"https:\/\/embed.windy.com\/embed2.html?lat=51.891&amp;lon=19.300&amp;detailLat=51.891&amp;detailLon=19.300&amp;width=1024&amp;height=500&amp;zoom=6&amp;level=surface&amp;overlay=hclouds&amp;product=ecmwf&amp;menu=&amp;message=true&amp;marker=&amp;calendar=now&amp;pressure=true&amp;type=map&amp;location=coordinates&amp;detail=&amp;metricWind=km%2Fh&amp;metricTemp=%C2%B0C&amp;radarRange=-1\" frameborder=\"0\"><\/iframe><\/p>\n\n\n\n<h2 class=\"wp-block-heading\">Chmury \u015brednie:<\/h2>\n\n\n<p><iframe loading=\"lazy\" width=\"1024\" height=\"500\" src=\"https:\/\/embed.windy.com\/embed2.html?lat=51.891&amp;lon=19.300&amp;detailLat=51.891&amp;detailLon=19.300&amp;width=1024&amp;height=500&amp;zoom=6&amp;level=surface&amp;overlay=mclouds&amp;product=ecmwf&amp;menu=&amp;message=true&amp;marker=&amp;calendar=now&amp;pressure=true&amp;type=map&amp;location=coordinates&amp;detail=&amp;metricWind=km%2Fh&amp;metricTemp=%C2%B0C&amp;radarRange=-1\" frameborder=\"0\"><\/iframe><\/p>\n\n\n\n<h2 class=\"wp-block-heading\">Chmury niskie:<\/h2>\n\n\n<p><iframe loading=\"lazy\" width=\"1024\" height=\"500\" src=\"https:\/\/embed.windy.com\/embed2.html?lat=51.891&amp;lon=19.300&amp;detailLat=51.891&amp;detailLon=19.300&amp;width=1024&amp;height=500&amp;zoom=6&amp;level=surface&amp;overlay=lclouds&amp;product=ecmwf&amp;menu=&amp;message=true&amp;marker=&amp;calendar=now&amp;pressure=true&amp;type=map&amp;location=coordinates&amp;detail=&amp;metricWind=km%2Fh&amp;metricTemp=%C2%B0C&amp;radarRange=-1\" frameborder=\"0\"><\/iframe><\/p>\n\n\n\n<h2 class=\"wp-block-heading\">Mg\u0142a:<\/h2>\n\n\n<p><iframe loading=\"lazy\" width=\"1024\" height=\"500\" src=\"https:\/\/embed.windy.com\/embed2.html?lat=51.891&amp;lon=19.300&amp;detailLat=51.891&amp;detailLon=19.300&amp;width=650&amp;height=450&amp;zoom=6&amp;level=surface&amp;overlay=fog&amp;product=iconEu&amp;menu=&amp;message=&amp;marker=&amp;calendar=now&amp;pressure=&amp;type=map&amp;location=coordinates&amp;detail=&amp;metricWind=default&amp;metricTemp=default&amp;radarRange=-1\" frameborder=\"0\"><\/iframe><\/p>\n\n\n\n<h2 class=\"wp-block-heading\">Temperatura:<\/h2>\n\n\n<p><iframe loading=\"lazy\" width=\"1024\" height=\"500\" src=\"https:\/\/embed.windy.com\/embed2.html?lat=51.891&amp;lon=19.300&amp;detailLat=51.891&amp;detailLon=19.300&amp;width=1024&amp;height=500&amp;zoom=6&amp;level=surface&amp;overlay=temp&amp;product=ecmwf&amp;menu=&amp;message=true&amp;marker=&amp;calendar=now&amp;pressure=true&amp;type=map&amp;location=coordinates&amp;detail=&amp;metricWind=km%2Fh&amp;metricTemp=%C2%B0C&amp;radarRange=-1\" frameborder=\"0\"><\/iframe><\/p>\n\n\n\n<h2 class=\"wp-block-heading\">Wilgotno\u015b\u0107:<\/h2>\n\n\n<p><iframe loading=\"lazy\" width=\"1024\" height=\"500\" src=\"https:\/\/embed.windy.com\/embed2.html?lat=51.891&amp;lon=19.300&amp;detailLat=51.891&amp;detailLon=19.300&amp;width=1024&amp;height=500&amp;zoom=6&amp;level=surface&amp;overlay=rh&amp;product=ecmwf&amp;menu=&amp;message=true&amp;marker=&amp;calendar=now&amp;pressure=true&amp;type=map&amp;location=coordinates&amp;detail=&amp;metricWind=km%2Fh&amp;metricTemp=%C2%B0C&amp;radarRange=-1\" frameborder=\"0\"><\/iframe><\/p>\n\n\n\n<h2 class=\"wp-block-heading\">Wiatr:<\/h2>\n\n\n<p><iframe loading=\"lazy\" width=\"1024\" height=\"500\" src=\"https:\/\/embed.windy.com\/embed2.html?lat=51.891&amp;lon=19.300&amp;detailLat=51.891&amp;detailLon=19.300&amp;width=1024&amp;height=500&amp;zoom=6&amp;level=surface&amp;overlay=wind&amp;product=ecmwf&amp;menu=&amp;message=true&amp;marker=&amp;calendar=now&amp;pressure=true&amp;type=map&amp;location=coordinates&amp;detail=&amp;metricWind=km%2Fh&amp;metricTemp=%C2%B0C&amp;radarRange=-1\" frameborder=\"0\"><\/iframe><\/p>\n\n\n\n<h2 class=\"wp-block-heading\">Si\u0142a wiatru:<\/h2>\n\n\n<p><iframe loading=\"lazy\" width=\"1024\" height=\"500\" src=\"https:\/\/embed.windy.com\/embed2.html?lat=51.891&amp;lon=19.300&amp;detailLat=51.891&amp;detailLon=19.300&amp;width=1024&amp;height=500&amp;zoom=6&amp;level=surface&amp;overlay=gustAccu&amp;product=ecmwf&amp;menu=&amp;message=true&amp;marker=&amp;calendar=now&amp;pressure=true&amp;type=map&amp;location=coordinates&amp;detail=&amp;metricWind=km%2Fh&amp;metricTemp=%C2%B0C&amp;radarRange=-1\" frameborder=\"0\"><\/iframe><\/p>\n\n\n\n<h2 class=\"wp-block-heading\">Porywy wiatru:<\/h2>\n\n\n<p><iframe loading=\"lazy\" width=\"1024\" height=\"500\" src=\"https:\/\/embed.windy.com\/embed2.html?lat=51.891&amp;lon=19.300&amp;detailLat=51.891&amp;detailLon=19.300&amp;width=1024&amp;height=500&amp;zoom=6&amp;level=surface&amp;overlay=gust&amp;product=ecmwf&amp;menu=&amp;message=true&amp;marker=&amp;calendar=now&amp;pressure=true&amp;type=map&amp;location=coordinates&amp;detail=&amp;metricWind=km%2Fh&amp;metricTemp=%C2%B0C&amp;radarRange=-1\" frameborder=\"0\"><\/iframe><\/p>\n\n\n\n<h2 class=\"wp-block-heading\">Widoczno\u015b\u0107:<\/h2>\n\n\n<p><iframe loading=\"lazy\" width=\"1024\" height=\"500\" src=\"https:\/\/embed.windy.com\/embed2.html?lat=51.891&amp;lon=19.300&amp;detailLat=51.891&amp;detailLon=19.300&amp;width=1024&amp;height=500&amp;zoom=6&amp;level=surface&amp;overlay=visibility&amp;product=ecmwf&amp;menu=&amp;message=true&amp;marker=&amp;calendar=now&amp;pressure=true&amp;type=map&amp;location=coordinates&amp;detail=&amp;metricWind=km%2Fh&amp;metricTemp=%C2%B0C&amp;radarRange=-1\" frameborder=\"0\"><\/iframe><\/p>\n<div class=\"pvc_clear\"><\/div><p id=\"pvc_stats_3038\" class=\"pvc_stats total_only  \" data-element-id=\"3038\" style=\"\"><i class=\"pvc-stats-icon small\" aria-hidden=\"true\"><svg xmlns=\"http:\/\/www.w3.org\/2000\/svg\" version=\"1.0\" viewBox=\"0 0 502 315\" preserveAspectRatio=\"xMidYMid meet\"><g transform=\"translate(0,332) scale(0.1,-0.1)\" fill=\"\" stroke=\"none\"><path d=\"M2394 3279 l-29 -30 -3 -207 c-2 -182 0 -211 15 -242 39 -76 157 -76 196 0 15 31 17 60 15 243 l-3 209 -33 29 c-26 23 -41 29 -80 29 -41 0 -53 -5 -78 -31z\"\/><path d=\"M3085 3251 c-45 -19 -58 -50 -96 -229 -47 -217 -49 -260 -13 -295 52 -53 146 -42 177 20 16 31 87 366 87 410 0 70 -86 122 -155 94z\"\/><path d=\"M1751 3234 c-13 -9 -29 -31 -37 -50 -12 -29 -10 -49 21 -204 19 -94 39 -189 45 -210 14 -50 54 -80 110 -80 34 0 48 6 76 34 21 21 34 44 34 59 0 14 -18 113 -40 219 -37 178 -43 195 -70 221 -36 32 -101 37 -139 11z\"\/><path d=\"M1163 3073 c-36 -7 -73 -59 -73 -102 0 -56 133 -378 171 -413 34 -32 83 -37 129 -13 70 36 67 87 -16 290 -86 209 -89 214 -129 231 -35 14 -42 15 -82 7z\"\/><path d=\"M3689 3066 c-15 -9 -33 -30 -42 -48 -48 -103 -147 -355 -147 -375 0 -98 131 -148 192 -74 13 15 57 108 97 206 80 196 84 226 37 273 -30 30 -99 39 -137 18z\"\/><path d=\"M583 2784 c-38 -19 -67 -74 -58 -113 9 -42 211 -354 242 -373 16 -10 45 -18 66 -18 51 0 107 52 107 100 0 39 -1 41 -124 234 -80 126 -108 162 -133 173 -41 17 -61 16 -100 -3z\"\/><path d=\"M4250 2784 c-14 -9 -74 -91 -133 -183 -95 -150 -107 -173 -107 -213 0 -55 33 -94 87 -104 67 -13 90 8 211 198 130 202 137 225 78 284 -27 27 -42 34 -72 34 -22 0 -50 -8 -64 -16z\"\/><path d=\"M2275 2693 c-553 -48 -1095 -270 -1585 -649 -135 -104 -459 -423 -483 -476 -23 -49 -22 -139 2 -186 73 -142 361 -457 571 -626 285 -228 642 -407 990 -497 242 -63 336 -73 660 -74 310 0 370 5 595 52 535 111 1045 392 1455 803 122 121 250 273 275 326 19 41 19 137 0 174 -41 79 -309 363 -465 492 -447 370 -946 591 -1479 653 -113 14 -422 18 -536 8z m395 -428 c171 -34 330 -124 456 -258 112 -119 167 -219 211 -378 27 -96 24 -300 -5 -401 -72 -255 -236 -447 -474 -557 -132 -62 -201 -76 -368 -76 -167 0 -236 14 -368 76 -213 98 -373 271 -451 485 -162 444 86 934 547 1084 153 49 292 57 452 25z m909 -232 c222 -123 408 -262 593 -441 76 -74 138 -139 138 -144 0 -16 -233 -242 -330 -319 -155 -123 -309 -223 -461 -299 l-81 -41 32 46 c18 26 49 83 70 128 143 306 141 649 -6 957 -25 52 -61 116 -79 142 l-34 47 45 -20 c26 -10 76 -36 113 -56z m-2057 25 c-40 -58 -105 -190 -130 -263 -110 -324 -59 -707 132 -981 25 -35 42 -64 37 -64 -19 0 -241 119 -326 174 -188 122 -406 314 -532 468 l-58 71 108 103 c185 178 428 349 672 473 66 33 121 60 123 61 2 0 -10 -19 -26 -42z\"\/><path d=\"M2375 1950 c-198 -44 -350 -190 -395 -379 -18 -76 -8 -221 19 -290 114 -284 457 -406 731 -260 98 52 188 154 231 260 27 69 37 214 19 290 -38 163 -166 304 -326 360 -67 23 -215 33 -279 19z\"\/><\/g><\/svg><\/i> <img loading=\"lazy\" decoding=\"async\" width=\"16\" height=\"16\" alt=\"Loading\" src=\"https:\/\/astrostrona.pl\/wp-content\/plugins\/page-views-count\/ajax-loader-2x.gif\" border=0 \/><\/p><div class=\"pvc_clear\"><\/div>","protected":false},"excerpt":{"rendered":"<p>St\u0119\u017cenie py\u0142\u00f3w obni\u017caj\u0105cych przejrzysto\u015b\u0107 powietrza i zagra\u017caj\u0105cych optyce. Na tej mapie wida\u0107 zasi\u0119g py\u0142u saharyjskiego docieraj\u0105cego coraz cz\u0119\u015bciej do Polski. Py\u0142: \u0179r\u00f3d\u0142o: WMO Barcelona Dust&hellip; <\/p>\n<div class=\"pvc_clear\"><\/div>\n<p id=\"pvc_stats_3038\" class=\"pvc_stats total_only  \" data-element-id=\"3038\" style=\"\"><i class=\"pvc-stats-icon small\" aria-hidden=\"true\"><svg xmlns=\"http:\/\/www.w3.org\/2000\/svg\" version=\"1.0\" viewBox=\"0 0 502 315\" preserveAspectRatio=\"xMidYMid meet\"><g transform=\"translate(0,332) scale(0.1,-0.1)\" fill=\"\" stroke=\"none\"><path d=\"M2394 3279 l-29 -30 -3 -207 c-2 -182 0 -211 15 -242 39 -76 157 -76 196 0 15 31 17 60 15 243 l-3 209 -33 29 c-26 23 -41 29 -80 29 -41 0 -53 -5 -78 -31z\"\/><path d=\"M3085 3251 c-45 -19 -58 -50 -96 -229 -47 -217 -49 -260 -13 -295 52 -53 146 -42 177 20 16 31 87 366 87 410 0 70 -86 122 -155 94z\"\/><path d=\"M1751 3234 c-13 -9 -29 -31 -37 -50 -12 -29 -10 -49 21 -204 19 -94 39 -189 45 -210 14 -50 54 -80 110 -80 34 0 48 6 76 34 21 21 34 44 34 59 0 14 -18 113 -40 219 -37 178 -43 195 -70 221 -36 32 -101 37 -139 11z\"\/><path d=\"M1163 3073 c-36 -7 -73 -59 -73 -102 0 -56 133 -378 171 -413 34 -32 83 -37 129 -13 70 36 67 87 -16 290 -86 209 -89 214 -129 231 -35 14 -42 15 -82 7z\"\/><path d=\"M3689 3066 c-15 -9 -33 -30 -42 -48 -48 -103 -147 -355 -147 -375 0 -98 131 -148 192 -74 13 15 57 108 97 206 80 196 84 226 37 273 -30 30 -99 39 -137 18z\"\/><path d=\"M583 2784 c-38 -19 -67 -74 -58 -113 9 -42 211 -354 242 -373 16 -10 45 -18 66 -18 51 0 107 52 107 100 0 39 -1 41 -124 234 -80 126 -108 162 -133 173 -41 17 -61 16 -100 -3z\"\/><path d=\"M4250 2784 c-14 -9 -74 -91 -133 -183 -95 -150 -107 -173 -107 -213 0 -55 33 -94 87 -104 67 -13 90 8 211 198 130 202 137 225 78 284 -27 27 -42 34 -72 34 -22 0 -50 -8 -64 -16z\"\/><path d=\"M2275 2693 c-553 -48 -1095 -270 -1585 -649 -135 -104 -459 -423 -483 -476 -23 -49 -22 -139 2 -186 73 -142 361 -457 571 -626 285 -228 642 -407 990 -497 242 -63 336 -73 660 -74 310 0 370 5 595 52 535 111 1045 392 1455 803 122 121 250 273 275 326 19 41 19 137 0 174 -41 79 -309 363 -465 492 -447 370 -946 591 -1479 653 -113 14 -422 18 -536 8z m395 -428 c171 -34 330 -124 456 -258 112 -119 167 -219 211 -378 27 -96 24 -300 -5 -401 -72 -255 -236 -447 -474 -557 -132 -62 -201 -76 -368 -76 -167 0 -236 14 -368 76 -213 98 -373 271 -451 485 -162 444 86 934 547 1084 153 49 292 57 452 25z m909 -232 c222 -123 408 -262 593 -441 76 -74 138 -139 138 -144 0 -16 -233 -242 -330 -319 -155 -123 -309 -223 -461 -299 l-81 -41 32 46 c18 26 49 83 70 128 143 306 141 649 -6 957 -25 52 -61 116 -79 142 l-34 47 45 -20 c26 -10 76 -36 113 -56z m-2057 25 c-40 -58 -105 -190 -130 -263 -110 -324 -59 -707 132 -981 25 -35 42 -64 37 -64 -19 0 -241 119 -326 174 -188 122 -406 314 -532 468 l-58 71 108 103 c185 178 428 349 672 473 66 33 121 60 123 61 2 0 -10 -19 -26 -42z\"\/><path d=\"M2375 1950 c-198 -44 -350 -190 -395 -379 -18 -76 -8 -221 19 -290 114 -284 457 -406 731 -260 98 52 188 154 231 260 27 69 37 214 19 290 -38 163 -166 304 -326 360 -67 23 -215 33 -279 19z\"\/><\/g><\/svg><\/i> <img loading=\"lazy\" decoding=\"async\" width=\"16\" height=\"16\" alt=\"Loading\" src=\"https:\/\/astrostrona.pl\/wp-content\/plugins\/page-views-count\/ajax-loader-2x.gif\" border=0 \/><\/p>\n<div class=\"pvc_clear\"><\/div>\n","protected":false},"author":2,"featured_media":3069,"parent":694,"menu_order":0,"comment_status":"closed","ping_status":"closed","template":"","meta":{"inline_featured_image":false,"footnotes":""},"yoast_head":"<!-- This site is optimized with the Yoast SEO plugin v18.7 - https:\/\/yoast.com\/wordpress\/plugins\/seo\/ -->\n<title>Pogoda, warunki obserwacyjne, py\u0142 - astrostrona.pl<\/title>\n<meta name=\"robots\" content=\"index, follow, max-snippet:-1, max-image-preview:large, max-video-preview:-1\" \/>\n<link rel=\"canonical\" href=\"https:\/\/astrostrona.pl\/narzedzia-i-pomoce\/astronomiczna-prognoza-pogody-pyl-saharyjski\/\" \/>\n<meta property=\"og:locale\" content=\"pl_PL\" \/>\n<meta property=\"og:type\" content=\"article\" \/>\n<meta property=\"og:title\" content=\"Pogoda, warunki obserwacyjne, py\u0142 - astrostrona.pl\" \/>\n<meta property=\"og:description\" content=\"St\u0119\u017cenie py\u0142\u00f3w obni\u017caj\u0105cych przejrzysto\u015b\u0107 powietrza i zagra\u017caj\u0105cych optyce. Na tej mapie wida\u0107 zasi\u0119g py\u0142u saharyjskiego docieraj\u0105cego coraz cz\u0119\u015bciej do Polski. Py\u0142: \u0179r\u00f3d\u0142o: WMO Barcelona Dust&hellip;\" \/>\n<meta property=\"og:url\" content=\"https:\/\/astrostrona.pl\/narzedzia-i-pomoce\/astronomiczna-prognoza-pogody-pyl-saharyjski\/\" \/>\n<meta property=\"og:site_name\" content=\"astrostrona.pl\" \/>\n<meta property=\"article:publisher\" content=\"https:\/\/www.facebook.com\/Astrostrona-113951687113999\" \/>\n<meta property=\"article:modified_time\" content=\"2024-04-07T14:07:51+00:00\" \/>\n<meta property=\"og:image\" content=\"https:\/\/astrostrona.pl\/wp-content\/uploads\/2021\/06\/pogoda.jpg\" \/>\n\t<meta property=\"og:image:width\" content=\"612\" \/>\n\t<meta property=\"og:image:height\" content=\"390\" \/>\n\t<meta property=\"og:image:type\" content=\"image\/jpeg\" \/>\n<meta name=\"twitter:card\" content=\"summary_large_image\" \/>\n<meta name=\"twitter:site\" content=\"@astrostrona\" \/>\n<meta name=\"twitter:label1\" content=\"Szacowany czas czytania\" \/>\n\t<meta name=\"twitter:data1\" content=\"1 minuta\" \/>\n<script type=\"application\/ld+json\" class=\"yoast-schema-graph\">{\"@context\":\"https:\/\/schema.org\",\"@graph\":[{\"@type\":\"Organization\",\"@id\":\"https:\/\/astrostrona.pl\/#organization\",\"name\":\"astrostrona.pl\",\"url\":\"https:\/\/astrostrona.pl\/\",\"sameAs\":[\"https:\/\/www.facebook.com\/Astrostrona-113951687113999\",\"https:\/\/www.instagram.com\/astrostrona\/\",\"https:\/\/twitter.com\/astrostrona\"],\"logo\":{\"@type\":\"ImageObject\",\"inLanguage\":\"pl-PL\",\"@id\":\"https:\/\/astrostrona.pl\/#\/schema\/logo\/image\/\",\"url\":\"https:\/\/astrostrona.pl\/wp-content\/uploads\/2020\/09\/logo-BIALE-TLO.svg\",\"contentUrl\":\"https:\/\/astrostrona.pl\/wp-content\/uploads\/2020\/09\/logo-BIALE-TLO.svg\",\"width\":900,\"height\":300,\"caption\":\"astrostrona.pl\"},\"image\":{\"@id\":\"https:\/\/astrostrona.pl\/#\/schema\/logo\/image\/\"}},{\"@type\":\"WebSite\",\"@id\":\"https:\/\/astrostrona.pl\/#website\",\"url\":\"https:\/\/astrostrona.pl\/\",\"name\":\"astrostrona.pl\",\"description\":\"Obserwacje, znaleziska i wykopaliska\",\"publisher\":{\"@id\":\"https:\/\/astrostrona.pl\/#organization\"},\"potentialAction\":[{\"@type\":\"SearchAction\",\"target\":{\"@type\":\"EntryPoint\",\"urlTemplate\":\"https:\/\/astrostrona.pl\/?s={search_term_string}\"},\"query-input\":\"required name=search_term_string\"}],\"inLanguage\":\"pl-PL\"},{\"@type\":\"ImageObject\",\"inLanguage\":\"pl-PL\",\"@id\":\"https:\/\/astrostrona.pl\/narzedzia-i-pomoce\/astronomiczna-prognoza-pogody-pyl-saharyjski\/#primaryimage\",\"url\":\"https:\/\/astrostrona.pl\/wp-content\/uploads\/2021\/06\/pogoda.jpg\",\"contentUrl\":\"https:\/\/astrostrona.pl\/wp-content\/uploads\/2021\/06\/pogoda.jpg\",\"width\":612,\"height\":390},{\"@type\":\"WebPage\",\"@id\":\"https:\/\/astrostrona.pl\/narzedzia-i-pomoce\/astronomiczna-prognoza-pogody-pyl-saharyjski\/#webpage\",\"url\":\"https:\/\/astrostrona.pl\/narzedzia-i-pomoce\/astronomiczna-prognoza-pogody-pyl-saharyjski\/\",\"name\":\"Pogoda, warunki obserwacyjne, py\u0142 - astrostrona.pl\",\"isPartOf\":{\"@id\":\"https:\/\/astrostrona.pl\/#website\"},\"primaryImageOfPage\":{\"@id\":\"https:\/\/astrostrona.pl\/narzedzia-i-pomoce\/astronomiczna-prognoza-pogody-pyl-saharyjski\/#primaryimage\"},\"datePublished\":\"2021-06-19T11:04:28+00:00\",\"dateModified\":\"2024-04-07T14:07:51+00:00\",\"breadcrumb\":{\"@id\":\"https:\/\/astrostrona.pl\/narzedzia-i-pomoce\/astronomiczna-prognoza-pogody-pyl-saharyjski\/#breadcrumb\"},\"inLanguage\":\"pl-PL\",\"potentialAction\":[{\"@type\":\"ReadAction\",\"target\":[\"https:\/\/astrostrona.pl\/narzedzia-i-pomoce\/astronomiczna-prognoza-pogody-pyl-saharyjski\/\"]}]},{\"@type\":\"BreadcrumbList\",\"@id\":\"https:\/\/astrostrona.pl\/narzedzia-i-pomoce\/astronomiczna-prognoza-pogody-pyl-saharyjski\/#breadcrumb\",\"itemListElement\":[{\"@type\":\"ListItem\",\"position\":1,\"name\":\"Strona g\u0142\u00f3wna\",\"item\":\"https:\/\/astrostrona.pl\/\"},{\"@type\":\"ListItem\",\"position\":2,\"name\":\"Narz\u0119dzia i pomoce\",\"item\":\"https:\/\/astrostrona.pl\/narzedzia-i-pomoce\/\"},{\"@type\":\"ListItem\",\"position\":3,\"name\":\"Pogoda, warunki obserwacyjne, py\u0142\"}]}]}<\/script>\n<!-- \/ Yoast SEO plugin. -->","yoast_head_json":{"title":"Pogoda, warunki obserwacyjne, py\u0142 - astrostrona.pl","robots":{"index":"index","follow":"follow","max-snippet":"max-snippet:-1","max-image-preview":"max-image-preview:large","max-video-preview":"max-video-preview:-1"},"canonical":"https:\/\/astrostrona.pl\/narzedzia-i-pomoce\/astronomiczna-prognoza-pogody-pyl-saharyjski\/","og_locale":"pl_PL","og_type":"article","og_title":"Pogoda, warunki obserwacyjne, py\u0142 - astrostrona.pl","og_description":"St\u0119\u017cenie py\u0142\u00f3w obni\u017caj\u0105cych przejrzysto\u015b\u0107 powietrza i zagra\u017caj\u0105cych optyce. Na tej mapie wida\u0107 zasi\u0119g py\u0142u saharyjskiego docieraj\u0105cego coraz cz\u0119\u015bciej do Polski. Py\u0142: \u0179r\u00f3d\u0142o: WMO Barcelona Dust&hellip;","og_url":"https:\/\/astrostrona.pl\/narzedzia-i-pomoce\/astronomiczna-prognoza-pogody-pyl-saharyjski\/","og_site_name":"astrostrona.pl","article_publisher":"https:\/\/www.facebook.com\/Astrostrona-113951687113999","article_modified_time":"2024-04-07T14:07:51+00:00","og_image":[{"width":612,"height":390,"url":"https:\/\/astrostrona.pl\/wp-content\/uploads\/2021\/06\/pogoda.jpg","type":"image\/jpeg"}],"twitter_card":"summary_large_image","twitter_site":"@astrostrona","twitter_misc":{"Szacowany czas czytania":"1 minuta"},"schema":{"@context":"https:\/\/schema.org","@graph":[{"@type":"Organization","@id":"https:\/\/astrostrona.pl\/#organization","name":"astrostrona.pl","url":"https:\/\/astrostrona.pl\/","sameAs":["https:\/\/www.facebook.com\/Astrostrona-113951687113999","https:\/\/www.instagram.com\/astrostrona\/","https:\/\/twitter.com\/astrostrona"],"logo":{"@type":"ImageObject","inLanguage":"pl-PL","@id":"https:\/\/astrostrona.pl\/#\/schema\/logo\/image\/","url":"https:\/\/astrostrona.pl\/wp-content\/uploads\/2020\/09\/logo-BIALE-TLO.svg","contentUrl":"https:\/\/astrostrona.pl\/wp-content\/uploads\/2020\/09\/logo-BIALE-TLO.svg","width":900,"height":300,"caption":"astrostrona.pl"},"image":{"@id":"https:\/\/astrostrona.pl\/#\/schema\/logo\/image\/"}},{"@type":"WebSite","@id":"https:\/\/astrostrona.pl\/#website","url":"https:\/\/astrostrona.pl\/","name":"astrostrona.pl","description":"Obserwacje, znaleziska i wykopaliska","publisher":{"@id":"https:\/\/astrostrona.pl\/#organization"},"potentialAction":[{"@type":"SearchAction","target":{"@type":"EntryPoint","urlTemplate":"https:\/\/astrostrona.pl\/?s={search_term_string}"},"query-input":"required name=search_term_string"}],"inLanguage":"pl-PL"},{"@type":"ImageObject","inLanguage":"pl-PL","@id":"https:\/\/astrostrona.pl\/narzedzia-i-pomoce\/astronomiczna-prognoza-pogody-pyl-saharyjski\/#primaryimage","url":"https:\/\/astrostrona.pl\/wp-content\/uploads\/2021\/06\/pogoda.jpg","contentUrl":"https:\/\/astrostrona.pl\/wp-content\/uploads\/2021\/06\/pogoda.jpg","width":612,"height":390},{"@type":"WebPage","@id":"https:\/\/astrostrona.pl\/narzedzia-i-pomoce\/astronomiczna-prognoza-pogody-pyl-saharyjski\/#webpage","url":"https:\/\/astrostrona.pl\/narzedzia-i-pomoce\/astronomiczna-prognoza-pogody-pyl-saharyjski\/","name":"Pogoda, warunki obserwacyjne, py\u0142 - astrostrona.pl","isPartOf":{"@id":"https:\/\/astrostrona.pl\/#website"},"primaryImageOfPage":{"@id":"https:\/\/astrostrona.pl\/narzedzia-i-pomoce\/astronomiczna-prognoza-pogody-pyl-saharyjski\/#primaryimage"},"datePublished":"2021-06-19T11:04:28+00:00","dateModified":"2024-04-07T14:07:51+00:00","breadcrumb":{"@id":"https:\/\/astrostrona.pl\/narzedzia-i-pomoce\/astronomiczna-prognoza-pogody-pyl-saharyjski\/#breadcrumb"},"inLanguage":"pl-PL","potentialAction":[{"@type":"ReadAction","target":["https:\/\/astrostrona.pl\/narzedzia-i-pomoce\/astronomiczna-prognoza-pogody-pyl-saharyjski\/"]}]},{"@type":"BreadcrumbList","@id":"https:\/\/astrostrona.pl\/narzedzia-i-pomoce\/astronomiczna-prognoza-pogody-pyl-saharyjski\/#breadcrumb","itemListElement":[{"@type":"ListItem","position":1,"name":"Strona g\u0142\u00f3wna","item":"https:\/\/astrostrona.pl\/"},{"@type":"ListItem","position":2,"name":"Narz\u0119dzia i pomoce","item":"https:\/\/astrostrona.pl\/narzedzia-i-pomoce\/"},{"@type":"ListItem","position":3,"name":"Pogoda, warunki obserwacyjne, py\u0142"}]}]}},"_links":{"self":[{"href":"https:\/\/astrostrona.pl\/index.php?rest_route=\/wp\/v2\/pages\/3038"}],"collection":[{"href":"https:\/\/astrostrona.pl\/index.php?rest_route=\/wp\/v2\/pages"}],"about":[{"href":"https:\/\/astrostrona.pl\/index.php?rest_route=\/wp\/v2\/types\/page"}],"author":[{"embeddable":true,"href":"https:\/\/astrostrona.pl\/index.php?rest_route=\/wp\/v2\/users\/2"}],"replies":[{"embeddable":true,"href":"https:\/\/astrostrona.pl\/index.php?rest_route=%2Fwp%2Fv2%2Fcomments&post=3038"}],"version-history":[{"count":0,"href":"https:\/\/astrostrona.pl\/index.php?rest_route=\/wp\/v2\/pages\/3038\/revisions"}],"up":[{"embeddable":true,"href":"https:\/\/astrostrona.pl\/index.php?rest_route=\/wp\/v2\/pages\/694"}],"wp:featuredmedia":[{"embeddable":true,"href":"https:\/\/astrostrona.pl\/index.php?rest_route=\/wp\/v2\/media\/3069"}],"wp:attachment":[{"href":"https:\/\/astrostrona.pl\/index.php?rest_route=%2Fwp%2Fv2%2Fmedia&parent=3038"}],"curies":[{"name":"wp","href":"https:\/\/api.w.org\/{rel}","templated":true}]}}